{"id":1899,"date":"2016-08-29T07:48:13","date_gmt":"2016-08-29T05:48:13","guid":{"rendered":"https:\/\/animals.pizzart.md\/kidz-woocommerce-theme-for-baby-store\/"},"modified":"2024-09-30T19:05:28","modified_gmt":"2024-09-30T17:05:28","slug":"pet-house-moldova","status":"publish","type":"page","link":"https:\/\/pet-house.md\/ro\/","title":{"rendered":"PETHOUSE: TOTUL PENTRU ANIMALELE DE COMPANIE. HRAN\u0102, JUC\u0102RII, ACCESORII CU LIVRARE \u00ceN CHI\u0218IN\u0102U."},"content":{"rendered":"<p>C\u0103uta\u021bi tot ce este necesar pentru animalul dumneavoastr\u0103 de companie preferat? PetHouse este o re\u021bea de magazine pentru animale de companie din Chi\u0219in\u0103u, care ofer\u0103 tot ce este necesar pentru pisici, c\u00e2ini, p\u0103s\u0103ri, pe\u0219ti \u0219i roz\u0103toare. \u00cen gama noastr\u0103 de produse ve\u021bi g\u0103si hran\u0103, accesorii, juc\u0103rii \u0219i gust\u0103ri care vor men\u021bine s\u0103n\u0103tatea \u0219i vor aduce bucurie animalelor dumneavoastr\u0103 de companie.<\/p>\n<h4>Care sunt beneficiile de a alege PetHouse?<\/h4>\n<ul>\n<li><a href=\"https:\/\/pet-house.md\/ro\/shop\/\"><strong>Un sortiment larg de produse pentru animale de companie<\/strong><\/a><br \/>\nAvem tot ce este necesar pentru s\u0103n\u0103tatea, confortul \u0219i fericirea animalului dumneavoastr\u0103 preferat: hran\u0103 super-premium, accesorii, juc\u0103rii \u0219i produse de \u00eengrijire. Ne actualiz\u0103m constant gama de produse pentru a v\u0103 oferi cele mai bune solu\u021bii pentru dumneavoastr\u0103 \u0219i animalele de companie.<\/li>\n<li><a href=\"https:\/\/pet-house.md\/ro\/livrarea-produselor\/\"><strong>Livrare \u00een Chi\u0219in\u0103u \u0219i suburbii<\/strong><\/a><br \/>\nComanda\u021bi online produsele pentru animalul dumneavoastr\u0103 de companie, iar noi le vom livra direct la u\u0219a casei. Cu PetHouse, \u00eengrijirea animalului devine simpl\u0103 \u0219i comod\u0103.<\/li>\n<li><a href=\"https:\/\/pet-house.md\/ro\/svjazitesi-s-nami\/\"><strong>Consultan\u021b\u0103 de la speciali\u0219ti<\/strong><\/a><br \/>\nConsultan\u021bii no\u0219tri sunt mereu gata s\u0103 v\u0103 ajute \u00een alegerea produselor \u0219i elaborarea unei diete personalizate pentru animalul dumneavoastr\u0103 de companie. Datorit\u0103 experien\u021bei speciali\u0219tilor no\u0219tri, ve\u021bi primi recomand\u0103ri de calitate pentru o alimenta\u021bie s\u0103n\u0103toas\u0103 \u0219i \u00eengrijire adecvat\u0103.<\/li>\n<li><a href=\"https:\/\/pet-house.md\/ro\/discounts\/\"><strong>Oferte speciale \u0219i reduceri<\/strong><\/a><br \/>\nUrm\u0103ri\u021bi \u00een mod constant promo\u021biile noastre pentru a cump\u0103ra produsele preferate pentru animalele dvs. la pre\u021b redus.<\/li>\n<\/ul>\n<h4>Sortiment variat de produse pentru animale de companie la PetHouse<\/h4>\n<ul>\n<li><strong>Hran\u0103 pentru animale de companie<\/strong><br \/>\nOferim o gam\u0103 variat\u0103 de hrane uscate \u0219i umede pentru c\u00e2ini \u0219i pisici de toate v\u00e2rstele \u0219i rasele, precum \u0219i diete speciale pentru animale cu nevoi specifice. De asemenea, avem \u00een ofert\u0103 hran\u0103 pentru p\u0103s\u0103ri, pe\u0219ti \u0219i roz\u0103toare.<\/li>\n<li><strong>Accesorii pentru \u00eengrijire \u0219i plimbare<\/strong><br \/>\nLes\u0103, zgard\u0103, transportoare, r\u0103zuitoare pentru unghii, boluri, acvarii, cu\u0219ti \u0219i multe altele. Oferim produse care ajut\u0103 la crearea unor condi\u021bii confortabile pentru animalul dumneavoastr\u0103 de companie, fie c\u0103 este vorba acas\u0103 sau \u00een timpul plimb\u0103rilor.<\/li>\n<li><strong>Gust\u0103ri pentru animale de companie<\/strong><br \/>\nSn\u0103ckuri pentru antrenament, recompensare sau pur \u0219i simplu pentru pl\u0103cere. Ele contribuie la \u00eent\u0103rirea din\u021bilor \u0219i \u00eembun\u0103t\u0103\u021birea digestiei, f\u0103c\u00e2nd \u00een acela\u0219i timp fiecare zi a animalului dumneavoastr\u0103 mai vesel\u0103.<\/li>\n<li><strong>Produse pentru igien\u0103<\/strong><br \/>\n\u00cengrijirea animalului de companie este cheia s\u0103n\u0103t\u0103\u021bii sale. \u00cen magazinul nostru g\u0103si\u021bi \u0219ampoane, piepteni, perii \u0219i produse speciale pentru \u00eengrijirea bl\u0103nii, care v\u0103 vor ajuta s\u0103 men\u021bine\u021bi cur\u0103\u021benia \u0219i s\u0103n\u0103tatea animalului dumneavoastr\u0103.<\/li>\n<\/ul>\n<h4>PetHouse \u2014 Partener de \u00eencredere \u00een \u00eengrijirea animalelor de companie.<\/h4>\n<p>Plasa\u021bi comanda online pe site-ul <a href=\"https:\/\/pet-house.md\/ro\/\">pet-house.md<\/a> sau <a href=\"https:\/\/pet-house.md\/ro\/nashi-magazini\/\">vizita\u021bi unul dintre magazinele noastre din Chi\u0219in\u0103u<\/a> pentru a achizi\u021biona produsele rapid \u0219i cu maxim de confort. Oferim cele mai bune solu\u021bii pentru patrupedele dumneavoastr\u0103 \u0219i facem \u00eengrijirea acestora mai simpl\u0103!<br \/>\nUrm\u0103ri\u021bi-ne pe re\u021belele noastre sociale: <a href=\"https:\/\/www.facebook.com\/pethouse.md\" target=\"_blank\" rel=\"noopener\">Facebook<\/a> \u0219i <a href=\"https:\/\/www.instagram.com\/pethouse_md\/\" target=\"_blank\" rel=\"noopener\">Instagram<\/a>.<\/p>\n","protected":false},"excerpt":{"rendered":"<p>C\u0103uta\u021bi tot ce este necesar pentru animalul dumneavoastr\u0103 de companie preferat? PetHouse este o re\u021bea de magazine pentru animale de companie din Chi\u0219in\u0103u, care ofer\u0103 tot ce este necesar pentru pisici, c\u00e2ini, p\u0103s\u0103ri, pe\u0219ti \u0219i roz\u0103toare. \u00cen gama noastr\u0103 de produse ve\u021bi g\u0103si hran\u0103, accesorii, juc\u0103rii \u0219i gust\u0103ri care vor men\u021bine s\u0103n\u0103tatea \u0219i vor aduce bucurie animalelor dumneavoastr\u0103 de companie. Care sunt beneficiile de a alege PetHouse? Un sortiment larg de produse pentru animale de companie Avem tot ce este necesar pentru s\u0103n\u0103tatea, confortul&hellip;<\/p>\n","protected":false},"author":1,"featured_media":0,"parent":0,"menu_order":0,"comment_status":"closed","ping_status":"closed","template":"","meta":{"_acf_changed":false,"footnotes":""},"class_list":["post-1899","page","type-page","status-publish","hentry"],"acf":[],"_links":{"self":[{"href":"https:\/\/pet-house.md\/ro\/wp-json\/wp\/v2\/pages\/1899","targetHints":{"allow":["GET"]}}],"collection":[{"href":"https:\/\/pet-house.md\/ro\/wp-json\/wp\/v2\/pages"}],"about":[{"href":"https:\/\/pet-house.md\/ro\/wp-json\/wp\/v2\/types\/page"}],"author":[{"embeddable":true,"href":"https:\/\/pet-house.md\/ro\/wp-json\/wp\/v2\/users\/1"}],"replies":[{"embeddable":true,"href":"https:\/\/pet-house.md\/ro\/wp-json\/wp\/v2\/comments?post=1899"}],"version-history":[{"count":11,"href":"https:\/\/pet-house.md\/ro\/wp-json\/wp\/v2\/pages\/1899\/revisions"}],"predecessor-version":[{"id":33332,"href":"https:\/\/pet-house.md\/ro\/wp-json\/wp\/v2\/pages\/1899\/revisions\/33332"}],"wp:attachment":[{"href":"https:\/\/pet-house.md\/ro\/wp-json\/wp\/v2\/media?parent=1899"}],"curies":[{"name":"wp","href":"https:\/\/api.w.org\/{rel}","templated":true}]}}