{"id":1915,"date":"2022-12-07T14:50:45","date_gmt":"2022-12-07T12:50:45","guid":{"rendered":"https:\/\/animals.pizzart.md\/?page_id=1915"},"modified":"2024-09-05T17:00:08","modified_gmt":"2024-09-05T15:00:08","slug":"refund_returns","status":"publish","type":"page","link":"https:\/\/pet-house.md\/ro\/refund_returns\/","title":{"rendered":"Politica de returnare"},"content":{"rendered":"\r\n<h3><strong>Returnarea produselor \u00een magazinul de animale de companie<\/strong><\/h3>\r\n<div>Conform Legii nr. 105-XV din 13.03.2013 privind protec\u021bia consumatorilor, cump\u0103r\u0103torul are dreptul de a returna un produs \/ produse de calitate corespunz\u0103toare \u00een termen de 14 zile de la data pl\u0103\u021bii.<\/div>\r\n<h3><strong>Condi\u021biile de returnare<\/strong><\/h3>\r\n<ul>\r\n<li>Produsul nu a fost folosit;<\/li>\r\n<li>Produsul \u0219i-a p\u0103strat aspectul comercial \u0219i propriet\u0103\u021bile de consum, sigiliile, etichetele produc\u0103torului;<\/li>\r\n<li>Exist\u0103 un bon fiscal sau un bon de cas\u0103 (alt document care confirm\u0103 plata produsului).<\/li>\r\n<\/ul>\r\n<h3><strong>Returnarea produsului \u00een cazul defec\u021biunilor sau a neconformit\u0103\u021bii<\/strong><\/h3>\r\n<div>Cump\u0103r\u0103torul are dreptul de a returna comanda curierului \u00een cazul defec\u021biunilor sau a neconformit\u0103\u021bii, doar \u00een cazul \u00een care comanda a fost verificat\u0103 \u00een prezen\u021ba curierului.<\/div>\r\n<h3><strong>Returnarea hranei uscate v\u00e2ndut\u0103 la greutate<\/strong><\/h3>\r\n<div>Hrana uscat\u0103 v\u00e2nduta la greutate nu este supus\u0103 schimbului sau return\u0103rii, conform Anexei nr. 2 la Hot\u0103r\u00e2rea Guvernului nr. 1465 din 08.12.2003 (MO248-253\/19.12.2003) \u00een redac\u021bia Hot\u0103r\u00e2rii Guvernului nr. 1188 din 11.02.2007 (MO175\/11.09.2007).<\/div>\r\n<h3><strong>Cum se returneaz\u0103 un produs<\/strong><\/h3>\r\n<div>Pentru a returna un produs, trebuie s\u0103 v\u0103 adresa\u021bi magazinului cu produsul \u0219i documentul care confirm\u0103 achizi\u021bia.<\/div>\r\n<h3><strong>Contacte<\/strong><\/h3>\r\n<div>Pentru \u00eentreb\u0103ri legate de returnarea produselor, v\u0103 rug\u0103m s\u0103 contacta\u021bi telefonic la num\u0103rul: <strong>+373 79 940 640<\/strong><\/div>\r\n","protected":false},"excerpt":{"rendered":"<p>Returnarea produselor \u00een magazinul de animale de companie Conform Legii nr. 105-XV din 13.03.2013 privind protec\u021bia consumatorilor, cump\u0103r\u0103torul are dreptul de a returna un produs \/ produse de calitate corespunz\u0103toare \u00een termen de 14 zile de la data pl\u0103\u021bii. Condi\u021biile de returnare Produsul nu a fost folosit; Produsul \u0219i-a p\u0103strat aspectul comercial \u0219i propriet\u0103\u021bile de consum, sigiliile, etichetele produc\u0103torului; Exist\u0103 un bon fiscal sau un bon de cas\u0103 (alt document care confirm\u0103 plata produsului). Returnarea produsului \u00een cazul defec\u021biunilor sau a neconformit\u0103\u021bii Cump\u0103r\u0103torul are&hellip;<\/p>\n","protected":false},"author":1,"featured_media":0,"parent":0,"menu_order":0,"comment_status":"closed","ping_status":"closed","template":"","meta":{"_acf_changed":false,"footnotes":""},"class_list":["post-1915","page","type-page","status-publish","hentry"],"acf":[],"_links":{"self":[{"href":"https:\/\/pet-house.md\/ro\/wp-json\/wp\/v2\/pages\/1915","targetHints":{"allow":["GET"]}}],"collection":[{"href":"https:\/\/pet-house.md\/ro\/wp-json\/wp\/v2\/pages"}],"about":[{"href":"https:\/\/pet-house.md\/ro\/wp-json\/wp\/v2\/types\/page"}],"author":[{"embeddable":true,"href":"https:\/\/pet-house.md\/ro\/wp-json\/wp\/v2\/users\/1"}],"replies":[{"embeddable":true,"href":"https:\/\/pet-house.md\/ro\/wp-json\/wp\/v2\/comments?post=1915"}],"version-history":[{"count":7,"href":"https:\/\/pet-house.md\/ro\/wp-json\/wp\/v2\/pages\/1915\/revisions"}],"predecessor-version":[{"id":33165,"href":"https:\/\/pet-house.md\/ro\/wp-json\/wp\/v2\/pages\/1915\/revisions\/33165"}],"wp:attachment":[{"href":"https:\/\/pet-house.md\/ro\/wp-json\/wp\/v2\/media?parent=1915"}],"curies":[{"name":"wp","href":"https:\/\/api.w.org\/{rel}","templated":true}]}}