{"id":38610,"date":"2025-05-16T10:44:15","date_gmt":"2025-05-16T08:44:15","guid":{"rendered":"https:\/\/pet-house.md\/%d1%81%d1%82%d0%b0%d1%82%d1%8c-%d1%87%d0%b0%d1%81%d1%82%d1%8c%d1%8e-%d0%ba%d0%be%d0%bc%d0%b0%d0%bd%d0%b4%d1%8b-pethouse\/"},"modified":"2025-10-23T11:24:21","modified_gmt":"2025-10-23T09:24:21","slug":"cv-application","status":"publish","type":"page","link":"https:\/\/pet-house.md\/ro\/cv-application\/","title":{"rendered":"Face\u021bi parte din echipa PetHouse"},"content":{"rendered":"<p>PetHouse \u2014 o re\u021bea modern\u0103 de zoomagazine cu branduri exclusive, peste 20 de magazine \u00een Chi\u0219in\u0103u \u0219i un magazin online cu peste 5000 de produse pentru anim\u0103lu\u021be.<\/p>\n<p>Ne dezvolt\u0103m activ, deschidem noi loca\u021bii \u0219i invit\u0103m \u00een echipa noastr\u0103 persoane care iubesc animalele \u0219i \u0219tiu s\u0103 comunice cu st\u0103p\u00e2nii acestora.<\/p>\n<p>Vrei s\u0103 faci parte dintr-o echip\u0103 unde fiecare zi nu \u00eenseamn\u0103 doar munc\u0103, ci adev\u0103rat\u0103 grij\u0103 fa\u021b\u0103 de prietenii bl\u0103no\u0219i? Atunci completeaz\u0103 formularul de mai jos!<\/p>\n<p>&#8212;&#8212;-<\/p>\n<p><strong>Loc de munc\u0103<\/strong>: V\u00e2nz\u0103tor-consultant<\/p>\n<p><strong>Responsabilit\u0103\u021bi<\/strong>:<\/p>\n<ul>\n<li>Oferirea de consultan\u021b\u0103 clien\u021bilor \u0219i ajutor \u00een alegerea produselor potrivite<\/li>\n<li>Lucru cu casa de marcat \u0219i participare la inventarieri<\/li>\n<li>Recep\u021bionarea, expunerea \u0219i verificarea produselor (inclusiv termenele de valabilitate)<\/li>\n<li>Men\u021binerea ordinii \u00een magazin \u0219i aranjarea vitrinelor<\/li>\n<li>\u00cen unele magazine: \u00eengrijirea animalelor<\/li>\n<\/ul>\n<p><strong>Ce oferim<\/strong>:<\/p>\n<ul>\n<li>Program de lucru \u00een ture, flexibil<\/li>\n<li>Salariu stabil: salariu fix + bonusuri<\/li>\n<li>Program de loialitate pentru angaja\u021bi<\/li>\n<li>Instruire gratuit\u0103 \u0219i suport la adaptare<\/li>\n<li>Loc de munc\u0103 aproape de cas\u0103<\/li>\n<\/ul>\n<p><strong>Ce este important pentru noi<\/strong>:<\/p>\n<ul>\n<li>Dragoste pentru animale \u0219i dorin\u021b\u0103 de a activa \u00een domeniul pet shop<\/li>\n<li>Cunoa\u0219terea limbii rom\u00e2ne \u0219i ruse<\/li>\n<li>Responsabilitate, comunicativitate, punctualitate<\/li>\n<li>Cuno\u0219tin\u021be de baz\u0103 \u00een utilizarea calculatorului \u0219i a smartphone-ului<\/li>\n<li>Dorin\u021ba de a \u00eenv\u0103\u021ba \u0219i de a cre\u0219te al\u0103turi de noi<\/li>\n<\/ul>\n<p>&#8212;&#8212;-<\/p>\n<p><strong>Nu a\u021bi g\u0103sit un post potrivit?<\/strong><br \/>\nCompleta\u021bi formularul, iar c\u00e2nd apare o pozi\u021bie adecvat\u0103, v\u0103 contact\u0103m!<\/p>\n<script type=\"text\/javascript\">var gform;gform||(document.addEventListener(\"gform_main_scripts_loaded\",function(){gform.scriptsLoaded=!0}),document.addEventListener(\"gform\/theme\/scripts_loaded\",function(){gform.themeScriptsLoaded=!0}),window.addEventListener(\"DOMContentLoaded\",function(){gform.domLoaded=!0}),gform={domLoaded:!1,scriptsLoaded:!1,themeScriptsLoaded:!1,isFormEditor:()=>\"function\"==typeof InitializeEditor,callIfLoaded:function(o){return!(!gform.domLoaded||!gform.scriptsLoaded||!gform.themeScriptsLoaded&&!gform.isFormEditor()||(gform.isFormEditor()&&console.warn(\"The use of gform.initializeOnLoaded() is deprecated in the form editor context and will be removed in Gravity Forms 3.1.\"),o(),0))},initializeOnLoaded:function(o){gform.callIfLoaded(o)||(document.addEventListener(\"gform_main_scripts_loaded\",()=>{gform.scriptsLoaded=!0,gform.callIfLoaded(o)}),document.addEventListener(\"gform\/theme\/scripts_loaded\",()=>{gform.themeScriptsLoaded=!0,gform.callIfLoaded(o)}),window.addEventListener(\"DOMContentLoaded\",()=>{gform.domLoaded=!0,gform.callIfLoaded(o)}))},hooks:{action:{},filter:{}},addAction:function(o,r,e,t){gform.addHook(\"action\",o,r,e,t)},addFilter:function(o,r,e,t){gform.addHook(\"filter\",o,r,e,t)},doAction:function(o){gform.doHook(\"action\",o,arguments)},applyFilters:function(o){return gform.doHook(\"filter\",o,arguments)},removeAction:function(o,r){gform.removeHook(\"action\",o,r)},removeFilter:function(o,r,e){gform.removeHook(\"filter\",o,r,e)},addHook:function(o,r,e,t,n){null==gform.hooks[o][r]&&(gform.hooks[o][r]=[]);var d=gform.hooks[o][r];null==n&&(n=r+\"_\"+d.length),gform.hooks[o][r].push({tag:n,callable:e,priority:t=null==t?10:t})},doHook:function(r,o,e){var t;if(e=Array.prototype.slice.call(e,1),null!=gform.hooks[r][o]&&((o=gform.hooks[r][o]).sort(function(o,r){return o.priority-r.priority}),o.forEach(function(o){\"function\"!=typeof(t=o.callable)&&(t=window[t]),\"action\"==r?t.apply(null,e):e[0]=t.apply(null,e)})),\"filter\"==r)return e[0]},removeHook:function(o,r,t,n){var e;null!=gform.hooks[o][r]&&(e=(e=gform.hooks[o][r]).filter(function(o,r,e){return!!(null!=n&&n!=o.tag||null!=t&&t!=o.priority)}),gform.hooks[o][r]=e)}});<\/script>\n                <div class='gf_browser_gecko gform_wrapper gravity-theme gform-theme--no-framework' data-form-theme='gravity-theme' data-form-index='0' id='gform_wrapper_3' ><div id='gf_3' class='gform_anchor' tabindex='-1'><\/div>\n                        <div class='gform_heading'>\n\t\t\t\t\t\t\t<p class='gform_required_legend'>&quot;<span class=\"gfield_required gfield_required_asterisk\">*<\/span>&quot; indic\u0103 c\u00e2mpurile obligatorii<\/p>\n                        <\/div><form method='post' enctype='multipart\/form-data' target='gform_ajax_frame_3' id='gform_3'  action='\/ro\/wp-json\/wp\/v2\/pages\/38610#gf_3' data-formid='3' novalidate> \r\n <input type='hidden' class='gforms-pum' value='{\"closepopup\":false,\"closedelay\":0,\"openpopup\":false,\"openpopup_id\":0}' \/>\n        <div id='gf_progressbar_wrapper_3' class='gf_progressbar_wrapper' data-start-at-zero=''>\n        \t<p class=\"gf_progressbar_title\">Pasul <span class='gf_step_current_page'>1<\/span> din <span class='gf_step_page_count'>2<\/span><span class='gf_step_page_name'><\/span>\n        \t<\/p>\n            <div class='gf_progressbar gf_progressbar_blue' aria-hidden='true'>\n                <div class='gf_progressbar_percentage percentbar_blue percentbar_50' style='width:50%;'><span>50%<\/span><\/div>\n            <\/div><\/div>\n                        <div class='gform-body gform_body'><div id='gform_page_3_1' class='gform_page ' data-js='page-field-id-0' >\n                                    <div class='gform_page_fields'><div id='gform_fields_3' class='gform_fields top_label form_sublabel_above description_above validation_below'><fieldset id=\"field_3_1\" class=\"gfield gfield--type-name gfield--input-type-name gfield_contains_required field_sublabel_above gfield--no-description field_description_above field_validation_below gfield_visibility_visible\"  data-js-reload=\"field_3_1\" ><legend class='gfield_label gform-field-label gfield_label_before_complex' >Numele complet<span class=\"gfield_required\"><span class=\"gfield_required gfield_required_asterisk\">*<\/span><\/span><\/legend><div class='ginput_complex ginput_container ginput_container--name no_prefix has_first_name no_middle_name has_last_name no_suffix gf_name_has_2 ginput_container_name gform-grid-row' id='input_3_1'>\n                            \n                            <span id='input_3_1_3_container' class='name_first gform-grid-col gform-grid-col--size-auto' >\n                                                    <label for='input_3_1_3' class='gform-field-label gform-field-label--type-sub '>Nume<\/label>\n                                                    <input type='text' name='input_1.3' id='input_3_1_3' value=''   aria-required='true'    autocomplete=\"given-name\" \/>\n                                                <\/span>\n                            \n                            <span id='input_3_1_6_container' class='name_last gform-grid-col gform-grid-col--size-auto' >\n                                                            <label for='input_3_1_6' class='gform-field-label gform-field-label--type-sub '>Prenume<\/label>\n                                                            <input type='text' name='input_1.6' id='input_3_1_6' value=''   aria-required='true'    autocomplete=\"family-name\" \/>\n                                                        <\/span>\n                            \n                        <\/div><\/fieldset><fieldset id=\"field_3_2\" class=\"gfield gfield--type-email gfield--input-type-email gfield_contains_required field_sublabel_above gfield--no-description field_description_above field_validation_below gfield_visibility_visible\"  data-js-reload=\"field_3_2\" ><legend class='gfield_label gform-field-label gfield_label_before_complex' >Adresa de e-mail<span class=\"gfield_required\"><span class=\"gfield_required gfield_required_asterisk\">*<\/span><\/span><\/legend><div class='ginput_complex ginput_container ginput_container_email gform-grid-row' id='input_3_2_container'>\n                                <span id='input_3_2_1_container' class='ginput_left gform-grid-col gform-grid-col--size-auto'>\n                                    <label for='input_3_2' class='gform-field-label gform-field-label--type-sub '>E-mail<\/label>\n                                    <input class='' type='email' name='input_2' id='input_3_2' value=''    aria-required=\"true\" aria-invalid=\"false\"  autocomplete=\"email\"\/>\n                                <\/span>\n                                <span id='input_3_2_2_container' class='ginput_right gform-grid-col gform-grid-col--size-auto'>\n                                    <label for='input_3_2_2' class='gform-field-label gform-field-label--type-sub '>Confirma\u021bi adresa de e-mail<\/label>\n                                    <input class='' type='email' name='input_2_2' id='input_3_2_2' value=''    aria-required=\"true\" aria-invalid=\"false\"  autocomplete=\"email\"\/>\n                                <\/span>\n                                <div class='gf_clear gf_clear_complex'><\/div>\n                            <\/div><\/fieldset><div id=\"field_3_10\" class=\"gfield gfield--type-phone gfield--input-type-phone gfield--width-half gfield_contains_required field_sublabel_above gfield--no-description field_description_above field_validation_below gfield_visibility_visible\"  data-js-reload=\"field_3_10\" ><label class='gfield_label gform-field-label' for='input_3_10'>Telefonul dvs<span class=\"gfield_required\"><span class=\"gfield_required gfield_required_asterisk\">*<\/span><\/span><\/label><div class='ginput_container ginput_container_phone'><input name='input_10' id='input_3_10' type='tel' value='' class='large'   aria-required=\"true\" aria-invalid=\"false\"  autocomplete=\"tel\" \/><\/div><\/div><div id=\"field_3_14\" class=\"gfield gfield--type-select gfield--input-type-select gfield--width-half gfield_contains_required field_sublabel_above gfield--no-description field_description_above field_validation_below gfield_visibility_visible\"  data-js-reload=\"field_3_14\" ><label class='gfield_label gform-field-label' for='input_3_14'>Cel mai bun timp pentru a v\u01ce suna<span class=\"gfield_required\"><span class=\"gfield_required gfield_required_asterisk\">*<\/span><\/span><\/label><div class='ginput_container ginput_container_select'><select name='input_14' id='input_3_14' class='large gfield_select'    aria-required=\"true\" aria-invalid=\"false\" ><option value='Diminea\u021ba' >Diminea\u021ba<\/option><option value='Amiaza' >Amiaza<\/option><option value='Amiaza t\u00e2rzie' >Amiaza t\u00e2rzie<\/option><option value='Seara' >Seara<\/option><\/select><\/div><\/div><\/div>\n                    <\/div>\n                    <div class='gform-page-footer gform_page_footer top_label'>\n                         <input type='button' id='gform_next_button_3_18' class='gform_next_button gform-theme-button button' onclick='gform.submission.handleButtonClick(this);' value='Pasul urm\u01cetor'  \/> \n                    <\/div>\n                <\/div>\n                <div id='gform_page_3_2' class='gform_page' data-js='page-field-id-18' style='display:none;'>\n                    <div class='gform_page_fields'>\n                        <div id='gform_fields_3_2' class='gform_fields top_label form_sublabel_above description_above validation_below'><fieldset id=\"field_3_3\" class=\"gfield gfield--type-radio gfield--type-choice gfield--input-type-radio gf_list_3col gfield_contains_required field_sublabel_above gfield--no-description field_description_above field_validation_below gfield_visibility_visible\"  data-js-reload=\"field_3_3\" ><legend class='gfield_label gform-field-label' >Pozi\u021bia pentru care aplica\u021bi<span class=\"gfield_required\"><span class=\"gfield_required gfield_required_asterisk\">*<\/span><\/span><\/legend><div class='ginput_container ginput_container_radio'><div class='gfield_radio' id='input_3_3'>\n\t\t\t<div class='gchoice gchoice_3_3_0'>\n\t\t\t\t\t<input class='gfield-choice-input' name='input_3' type='radio' value='V\u00e2nz\u0103tor-consultant'  id='choice_3_3_0' onchange='gformToggleRadioOther( this )'    \/>\n\t\t\t\t\t<label for='choice_3_3_0' id='label_3_3_0' class='gform-field-label gform-field-label--type-inline'>V\u00e2nz\u0103tor-consultant<\/label>\n\t\t\t<\/div>\n\t\t\t<div class='gchoice gchoice_3_3_1'>\n\t\t\t\t\t<input class='gfield-choice-input' name='input_3' type='radio' value='\u0218ofer-curier'  id='choice_3_3_1' onchange='gformToggleRadioOther( this )'    \/>\n\t\t\t\t\t<label for='choice_3_3_1' id='label_3_3_1' class='gform-field-label gform-field-label--type-inline'>\u0218ofer-curier<\/label>\n\t\t\t<\/div>\n\t\t\t<div class='gchoice gchoice_3_3_2'>\n\t\t\t\t\t<input class='gfield-choice-input' name='input_3' type='radio' value='Depozit'  id='choice_3_3_2' onchange='gformToggleRadioOther( this )'    \/>\n\t\t\t\t\t<label for='choice_3_3_2' id='label_3_3_2' class='gform-field-label gform-field-label--type-inline'>Depozit<\/label>\n\t\t\t<\/div><\/div><\/div><\/fieldset><div id=\"field_3_12\" class=\"gfield gfield--type-textarea gfield--input-type-textarea gfield_contains_required field_sublabel_above gfield--no-description field_description_above field_validation_below gfield_visibility_visible\"  data-js-reload=\"field_3_12\" ><label class='gfield_label gform-field-label' for='input_3_12'>Poveste\u0219te-ne pu\u021bin despre tine<span class=\"gfield_required\"><span class=\"gfield_required gfield_required_asterisk\">*<\/span><\/span><\/label><div class='ginput_container ginput_container_textarea'><textarea name='input_12' id='input_3_12' class='textarea medium'     aria-required=\"true\" aria-invalid=\"false\"   rows='10' cols='50'><\/textarea><\/div><\/div><div id=\"field_3_19\" class=\"gfield gfield--type-date gfield--input-type-date gfield--input-type-datepicker gfield--datepicker-no-icon gfield--width-full gfield_contains_required field_sublabel_above gfield--no-description field_description_above field_validation_below gfield_visibility_visible\"  data-js-reload=\"field_3_19\" ><label class='gfield_label gform-field-label' for='input_3_19'>Data nasterii<span class=\"gfield_required\"><span class=\"gfield_required gfield_required_asterisk\">*<\/span><\/span><\/label><div class='ginput_container ginput_container_date'>\n                            <input name='input_19' id='input_3_19' type='text' value='' class='datepicker gform-datepicker dmy datepicker_no_icon gdatepicker-no-icon'   placeholder='dd\/mm\/yyyy' aria-describedby=\"input_3_19_date_format\" aria-invalid=\"false\" aria-required=\"true\"\/>\n                            <span id='input_3_19_date_format' class='screen-reader-text'>DD slash MM slash YYYY<\/span>\n                        <\/div>\n                        <input type='hidden' id='gforms_calendar_icon_input_3_19' class='gform_hidden' value='https:\/\/pet-house.md\/wp-content\/plugins\/gravityforms\/images\/datepicker\/datepicker.svg'\/><\/div><div id=\"field_3_13\" class=\"gfield gfield--type-fileupload gfield--input-type-fileupload field_sublabel_above gfield--has-description field_description_above field_validation_below gfield_visibility_visible\"  data-js-reload=\"field_3_13\" ><label class='gfield_label gform-field-label' for='input_3_13'>\u00cenc\u0103rca\u021bi CV-ul dvs<\/label><div class='gfield_description' id='gfield_description_3_13'>\u00cenc\u0103rca\u021bi CV-ul \u00een format .pdf, .doc sau .docx\n<\/div><div class='ginput_container ginput_container_fileupload'><input type='hidden' name='MAX_FILE_SIZE' value='26214400' \/><input name='input_13' id='input_3_13' type='file' class='medium' aria-describedby=\"gfield_upload_rules_3_13 gfield_description_3_13\" onchange='javascript:gformValidateFileSize( this, 26214400 );'  \/><span class='gfield_description gform_fileupload_rules' id='gfield_upload_rules_3_13'>Tipuri de fi\u0219iere acceptate: pdf, doc, docx, \u041c\u0430\u043a\u0441. \u0440\u0430\u0437\u043c\u0435\u0440 \u0444\u0430\u0439\u043b\u0430: 25 MB.<\/span><div class='gfield_description validation_message gfield_validation_message validation_message--hidden-on-empty' id='live_validation_message_3_13'><\/div><\/div><\/div><div id=\"field_3_20\" class=\"gfield gfield--type-honeypot gform_validation_container field_sublabel_above gfield--has-description field_description_above field_validation_below gfield_visibility_visible\"  data-js-reload=\"field_3_20\" ><label class='gfield_label gform-field-label' for='input_3_20'>Email<\/label><div class='gfield_description' id='gfield_description_3_20'>This field is for validation purposes and should be left unchanged.<\/div><div class='ginput_container'><input name='input_20' id='input_3_20' type='text' value='' autocomplete='new-password'\/><\/div><\/div><\/div><\/div>\n        <div class='gform-page-footer gform_page_footer top_label'><input type='submit' id='gform_previous_button_3' class='gform_previous_button gform-theme-button gform-theme-button--secondary button' onclick='gform.submission.handleButtonClick(this);' value='Pasul anterior'  \/> <input type='submit' id='gform_submit_button_3' class='gform_button button' onclick='gform.submission.handleButtonClick(this);' value='Aplica acum'  \/> <input type='hidden' name='gform_ajax' value='form_id=3&amp;title=&amp;description=&amp;tabindex=0&amp;theme=gravity-theme&amp;hash=659eeec85cea34e14c84404c9f42bcf6' \/>\n            <input type='hidden' class='gform_hidden' name='gform_submission_method' data-js='gform_submission_method_3' value='iframe' \/>\n            <input type='hidden' class='gform_hidden' name='gform_theme' data-js='gform_theme_3' id='gform_theme_3' value='gravity-theme' \/>\n            <input type='hidden' class='gform_hidden' name='gform_style_settings' data-js='gform_style_settings_3' id='gform_style_settings_3' value='' \/>\n            <input type='hidden' class='gform_hidden' name='is_submit_3' value='1' \/>\n            <input type='hidden' class='gform_hidden' name='gform_submit' value='3' \/>\n            \n            <input type='hidden' class='gform_hidden' name='gform_unique_id' value='' \/>\n            <input type='hidden' class='gform_hidden' name='state_3' value='WyJbXSIsIjZmYzc4NjA3Y2EzZGYyYTMwMmYwMjU2OWI5Y2FjOTYyIl0=' \/>\n            <input type='hidden' autocomplete='off' class='gform_hidden' name='gform_target_page_number_3' id='gform_target_page_number_3' value='2' \/>\n            <input type='hidden' autocomplete='off' class='gform_hidden' name='gform_source_page_number_3' id='gform_source_page_number_3' value='1' \/>\n            <input type='hidden' name='gform_field_values' value='' \/>\n            \n        <\/div>\n                        <\/div><\/div>\n                        <\/form>\n                        <\/div>\n\t\t                <iframe style='display:none;width:0px;height:0px;' src='about:blank' name='gform_ajax_frame_3' id='gform_ajax_frame_3' title='This iframe contains the logic required to handle Ajax powered Gravity Forms.'><\/iframe>\n\t\t                <script type=\"text\/javascript\">\n\/* <![CDATA[ *\/\n gform.initializeOnLoaded( function() {gformInitSpinner( 3, 'https:\/\/pet-house.md\/wp-content\/plugins\/gravityforms\/images\/spinner.svg', true );jQuery('#gform_ajax_frame_3').on('load',function(){var contents = jQuery(this).contents().find('*').html();var is_postback = contents.indexOf('GF_AJAX_POSTBACK') >= 0;if(!is_postback){return;}var form_content = jQuery(this).contents().find('#gform_wrapper_3');var is_confirmation = jQuery(this).contents().find('#gform_confirmation_wrapper_3').length > 0;var is_redirect = contents.indexOf('gformRedirect(){') >= 0;var is_form = form_content.length > 0 && ! is_redirect && ! is_confirmation;var mt = parseInt(jQuery('html').css('margin-top'), 10) + parseInt(jQuery('body').css('margin-top'), 10) + 100;if(is_form){jQuery('#gform_wrapper_3').html(form_content.html());if(form_content.hasClass('gform_validation_error')){jQuery('#gform_wrapper_3').addClass('gform_validation_error');} else {jQuery('#gform_wrapper_3').removeClass('gform_validation_error');}setTimeout( function() { \/* delay the scroll by 50 milliseconds to fix a bug in chrome *\/ jQuery(document).scrollTop(jQuery('#gform_wrapper_3').offset().top - mt); }, 50 );if(window['gformInitDatepicker']) {gformInitDatepicker();}if(window['gformInitPriceFields']) {gformInitPriceFields();}var current_page = jQuery('#gform_source_page_number_3').val();gformInitSpinner( 3, 'https:\/\/pet-house.md\/wp-content\/plugins\/gravityforms\/images\/spinner.svg', true );jQuery(document).trigger('gform_page_loaded', [3, current_page]);window['gf_submitting_3'] = false;}else if(!is_redirect){var confirmation_content = jQuery(this).contents().find('.GF_AJAX_POSTBACK').html();if(!confirmation_content){confirmation_content = contents;}jQuery('#gform_wrapper_3').append(confirmation_content);jQuery(document).scrollTop(jQuery('#gf_3').offset().top - mt);jQuery(document).trigger('gform_confirmation_loaded', [3]);window['gf_submitting_3'] = false;wp.a11y.speak(jQuery('#gform_confirmation_message_3').text());}else{jQuery('#gform_3').append(contents);if(window['gformRedirect']) {gformRedirect();}}jQuery(document).trigger(\"gform_pre_post_render\", [{ formId: \"3\", currentPage: \"current_page\", abort: function() { this.preventDefault(); } }]);                if (event && event.defaultPrevented) {                return;         }        const gformWrapperDiv = document.getElementById( \"gform_wrapper_3\" );        if ( gformWrapperDiv ) {            const visibilitySpan = document.createElement( \"span\" );            visibilitySpan.id = \"gform_visibility_test_3\";            gformWrapperDiv.insertAdjacentElement( \"afterend\", visibilitySpan );        }        const visibilityTestDiv = document.getElementById( \"gform_visibility_test_3\" );        let postRenderFired = false;                function triggerPostRender() {            if ( postRenderFired ) {                return;            }            postRenderFired = true;            jQuery( document ).trigger( 'gform_post_render', [3, current_page] );            gform.utils.trigger( { event: 'gform\/postRender', native: false, data: { formId: 3, currentPage: current_page } } );            gform.utils.trigger( { event: 'gform\/post_render', native: false, data: { formId: 3, currentPage: current_page } } );            if ( visibilityTestDiv ) {                visibilityTestDiv.parentNode.removeChild( visibilityTestDiv );            }        }        function debounce( func, wait, immediate ) {            var timeout;            return function() {                var context = this, args = arguments;                var later = function() {                    timeout = null;                    if ( !immediate ) func.apply( context, args );                };                var callNow = immediate && !timeout;                clearTimeout( timeout );                timeout = setTimeout( later, wait );                if ( callNow ) func.apply( context, args );            };        }        const debouncedTriggerPostRender = debounce( function() {            triggerPostRender();        }, 200 );        if ( visibilityTestDiv && visibilityTestDiv.offsetParent === null ) {            const observer = new MutationObserver( ( mutations ) => {                mutations.forEach( ( mutation ) => {                    if ( mutation.type === 'attributes' && visibilityTestDiv.offsetParent !== null ) {                        debouncedTriggerPostRender();                        observer.disconnect();                    }                });            });            observer.observe( document.body, {                attributes: true,                childList: false,                subtree: true,                attributeFilter: [ 'style', 'class' ],            });        } else {            triggerPostRender();        }    } );} ); \n\/* ]]> *\/\n<\/script>\n\n","protected":false},"excerpt":{"rendered":"<p>PetHouse \u2014 o re\u021bea modern\u0103 de zoomagazine cu branduri exclusive, peste 20 de magazine \u00een Chi\u0219in\u0103u \u0219i un magazin online cu peste 5000 de produse pentru anim\u0103lu\u021be. Ne dezvolt\u0103m activ, deschidem noi loca\u021bii \u0219i invit\u0103m \u00een echipa noastr\u0103 persoane care iubesc animalele \u0219i \u0219tiu s\u0103 comunice cu st\u0103p\u00e2nii acestora. Vrei s\u0103 faci parte dintr-o echip\u0103 unde fiecare zi nu \u00eenseamn\u0103 doar munc\u0103, ci adev\u0103rat\u0103 grij\u0103 fa\u021b\u0103 de prietenii bl\u0103no\u0219i? Atunci completeaz\u0103 formularul de mai jos! &#8212;&#8212;- Loc de munc\u0103: V\u00e2nz\u0103tor-consultant Responsabilit\u0103\u021bi: Oferirea de consultan\u021b\u0103&hellip;<\/p>\n","protected":false},"author":1,"featured_media":0,"parent":0,"menu_order":0,"comment_status":"closed","ping_status":"closed","template":"","meta":{"_acf_changed":false,"footnotes":""},"class_list":["post-38610","page","type-page","status-publish","hentry"],"acf":[],"_links":{"self":[{"href":"https:\/\/pet-house.md\/ro\/wp-json\/wp\/v2\/pages\/38610","targetHints":{"allow":["GET"]}}],"collection":[{"href":"https:\/\/pet-house.md\/ro\/wp-json\/wp\/v2\/pages"}],"about":[{"href":"https:\/\/pet-house.md\/ro\/wp-json\/wp\/v2\/types\/page"}],"author":[{"embeddable":true,"href":"https:\/\/pet-house.md\/ro\/wp-json\/wp\/v2\/users\/1"}],"replies":[{"embeddable":true,"href":"https:\/\/pet-house.md\/ro\/wp-json\/wp\/v2\/comments?post=38610"}],"version-history":[{"count":15,"href":"https:\/\/pet-house.md\/ro\/wp-json\/wp\/v2\/pages\/38610\/revisions"}],"predecessor-version":[{"id":42246,"href":"https:\/\/pet-house.md\/ro\/wp-json\/wp\/v2\/pages\/38610\/revisions\/42246"}],"wp:attachment":[{"href":"https:\/\/pet-house.md\/ro\/wp-json\/wp\/v2\/media?parent=38610"}],"curies":[{"name":"wp","href":"https:\/\/api.w.org\/{rel}","templated":true}]}}