{"id":41013,"date":"2025-07-29T12:55:23","date_gmt":"2025-07-29T10:55:23","guid":{"rendered":"https:\/\/pet-house.md\/shop\/savory-adult-cat-steril-fresh-lamb-and-chicken-%d1%81%d1%83%d1%85%d0%be%d0%b9-%d0%ba%d0%be%d1%80%d0%bc-%d1%81-%d1%8f%d0%b3%d0%bd%d0%b5%d0%bd%d0%ba%d0%be%d0%bc-%d0%b8-%d0%ba%d1%83%d1%80%d0%b8%d1%86\/"},"modified":"2025-08-27T13:22:12","modified_gmt":"2025-08-27T11:22:12","slug":"savory-adult-cat-steril-fresh-lamb-and-chicken-hrana-uscata","status":"publish","type":"product","link":"https:\/\/pet-house.md\/ro\/shop\/savory-adult-cat-steril-fresh-lamb-and-chicken-hrana-uscata\/","title":{"rendered":"Savory adult cat Steril Fresh Lamb and Chicken &#8211; hran\u0103 uscat\u0103 cu miel \u0219i pui pentru pisici adulte sterilizate"},"content":{"rendered":"<p data-start=\"156\" data-end=\"467\"><strong data-start=\"156\" data-end=\"290\">Savory adult cat Steril Fresh Lamb and Chicken &#8211; <\/strong>hran\u0103 uscat\u0103 echilibrat\u0103 cu con\u021binut redus de cereale, pe baz\u0103 de carne proasp\u0103t\u0103 de miel \u0219i pui pentru pisici adulte sterilizate. \u00cembog\u0103\u021bit\u0103 cu fructe de p\u0103dure, fructe \u0219i legume pentru sus\u021binerea imunit\u0103\u021bii \u0219i pentru a asigura o absorb\u021bie maxim\u0103 a vitaminelor, acizilor gra\u0219i \u0219i mineralelor esen\u021biale.<\/p>\n<ul data-start=\"469\" data-end=\"1467\">\n<li data-start=\"469\" data-end=\"633\">\n<p data-start=\"471\" data-end=\"633\">Realizat\u0103 pe baz\u0103 de carne proasp\u0103t\u0103 de miel \u0219i pui, surse de proteine, acizi gra\u0219i \u0219i microelemente necesare, completat\u0103 cu fructe de p\u0103dure, fructe \u0219i legume.<\/p>\n<\/li>\n<li data-start=\"634\" data-end=\"780\">\n<p data-start=\"636\" data-end=\"780\">Recomandat\u0103 pisicilor sterilizate datorit\u0103 ingredientelor hipoalergenice, u\u0219or de digerat \u0219i a sprijinului pentru s\u0103n\u0103tatea aparatului urinar.<\/p>\n<\/li>\n<li data-start=\"781\" data-end=\"873\">\n<p data-start=\"783\" data-end=\"873\">Con\u021bine L-carnitin\u0103 pentru men\u021binerea greut\u0103\u021bii optime \u0219i a nivelului de activitate.<\/p>\n<\/li>\n<li data-start=\"874\" data-end=\"990\">\n<p data-start=\"876\" data-end=\"990\">Formula cu con\u021binut redus de cereale reduce riscul reac\u021biilor alergice cauzate de sensibilitatea la cereale.<\/p>\n<\/li>\n<li data-start=\"991\" data-end=\"1185\">\n<p data-start=\"993\" data-end=\"1185\">Ingrediente precum orezul, dovleacul \u0219i maz\u0103rea verde furnizeaz\u0103 fibre benefice pentru digestie, proteine \u0219i carbohidra\u021bi de calitate, importante mai ales pentru pisicile cu stomac sensibil.<\/p>\n<\/li>\n<li data-start=\"1186\" data-end=\"1426\">\n<p data-start=\"1188\" data-end=\"1426\">Sprijin\u0103 s\u0103n\u0103tatea sistemului cardiovascular, normalizeaz\u0103 tensiunea arterial\u0103, are efect antiinflamator \u0219i antioxidant, \u00eent\u0103re\u0219te imunitatea datorit\u0103 mixului de plante medicinale, r\u0103d\u0103cinii de cicoare, fructelor de p\u0103dure \u0219i fructelor.<\/p>\n<\/li>\n<li data-start=\"1427\" data-end=\"1467\">\n<p data-start=\"1429\" data-end=\"1467\">F\u0103r\u0103 coloran\u021bi \u0219i arome artificiale.<\/p>\n<\/li>\n<\/ul>\n<p data-start=\"1339\" data-end=\"2002\"><strong data-start=\"1339\" data-end=\"1354\">Compozi\u021bie:<\/strong> Pui deshidratat 32%, miel proasp\u0103t 15%, maz\u0103re verde, orez alb, orez brun, protein\u0103 de pui hidrolizat\u0103 6%, pulp\u0103 de sfecl\u0103 deshidratat\u0103, celuloz\u0103 (fibr\u0103 organic\u0103), ulei de somon 2%, minerale, gr\u0103sime de pui 1%, mananoligozaharide (MOS), morcov deshidratat 0,5%, mere deshidratate 0,5%, krill antarctic deshidratat 0,5%, cicoare deshidratat\u0103 0,5%, drojdie de bere deshidratat\u0103 0,5%, dovleac deshidratat 0,5%, spanac deshidratat 0,5%, meri\u0219or deshidratat 0,15%, afine deshidratate 0,15%, glucozamin\u0103 0,15%, sulfat de condroitin\u0103 0,15%, spirulin\u0103 deshidratat\u0103 0,15%, mix de plante (Yucca schidigera, roini\u021b\u0103, rozmarin, turmeric, citrice, syzygium).<\/p>\n<p data-start=\"2004\" data-end=\"2275\"><strong data-start=\"2004\" data-end=\"2038\">Aditivi nutri\u021bionali per 1 kg:<\/strong> Vitamina A 30.000 UI, Vitamina D3 1300 UI, Vitamina E 450 mg, Taurin\u0103 1500 mg, DL-metionin\u0103 5000 mg, Fier 100 mg, Cupru 7 mg, Zinc 100 mg, Mangan 7,5 mg, Magneziu 40 mg, Iod 1,5 mg, Seleniu 0,15 mg, Bentonit\u0103 (montmorillonit) 4500 mg.<\/p>\n<p data-start=\"2277\" data-end=\"2337\"><strong data-start=\"2277\" data-end=\"2291\">Probiotic:<\/strong> <em data-start=\"2292\" data-end=\"2314\">Enterococcus faecium<\/em> NCIMB 10415 10\u2079 UFC.<\/p>\n<hr \/>\n<div>\n<table border=\"1\" cellspacing=\"0\" cellpadding=\"5\">\n<tbody>\n<tr>\n<th style=\"text-align: center;\">Component<\/th>\n<th style=\"text-align: center;\">Con\u021binut<\/th>\n<\/tr>\n<tr>\n<td style=\"text-align: center;\">proteine<\/td>\n<td style=\"text-align: center;\">36%<\/td>\n<\/tr>\n<tr>\n<td style=\"text-align: center;\">gr\u0103simi<\/td>\n<td style=\"text-align: center;\">12%<\/td>\n<\/tr>\n<tr>\n<td style=\"text-align: center;\">cenu\u0219\u0103<\/td>\n<td style=\"text-align: center;\">8%<\/td>\n<\/tr>\n<tr>\n<td style=\"text-align: center;\">fibre<\/td>\n<td style=\"text-align: center;\">4,5%<\/td>\n<\/tr>\n<tr>\n<td style=\"text-align: center;\">umiditate<\/td>\n<td style=\"text-align: center;\">6%<\/td>\n<\/tr>\n<tr>\n<td style=\"text-align: center;\">calciu<\/td>\n<td style=\"text-align: center;\">1,2%<\/td>\n<\/tr>\n<tr>\n<td style=\"text-align: center;\">fosfor<\/td>\n<td style=\"text-align: center;\">0,8%<\/td>\n<\/tr>\n<tr>\n<td style=\"text-align: center;\">valoare energetic\u0103<\/td>\n<td style=\"text-align: center;\">368,8 kcal\/100g<\/td>\n<\/tr>\n<tr>\n<td style=\"text-align: center;\">vitamina A<\/td>\n<td style=\"text-align: center;\">30000 UI<\/td>\n<\/tr>\n<tr>\n<td style=\"text-align: center;\">vitamina D3<\/td>\n<td style=\"text-align: center;\">1300 UI<\/td>\n<\/tr>\n<tr>\n<td style=\"text-align: center;\">vitamina E<\/td>\n<td style=\"text-align: center;\">450 mg<\/td>\n<\/tr>\n<\/tbody>\n<\/table>\n<hr \/>\n<table border=\"1\" cellspacing=\"0\" cellpadding=\"5\">\n<tbody>\n<tr>\n<th style=\"text-align: center;\">Greutatea pisicii, kg<\/th>\n<th style=\"text-align: center;\" colspan=\"2\">Ra\u021bia zilnic\u0103, g\/zi<\/th>\n<\/tr>\n<tr>\n<th style=\"text-align: center;\"><\/th>\n<th style=\"text-align: center;\">Activitate ridicat\u0103<\/th>\n<th style=\"text-align: center;\">Activitate redus\u0103<\/th>\n<\/tr>\n<tr>\n<td style=\"text-align: center;\">1<\/td>\n<td style=\"text-align: center;\">23<\/td>\n<td style=\"text-align: center;\">20<\/td>\n<\/tr>\n<tr>\n<td style=\"text-align: center;\">2<\/td>\n<td style=\"text-align: center;\">37<\/td>\n<td style=\"text-align: center;\">32<\/td>\n<\/tr>\n<tr>\n<td style=\"text-align: center;\">3<\/td>\n<td style=\"text-align: center;\">48<\/td>\n<td style=\"text-align: center;\">42<\/td>\n<\/tr>\n<tr>\n<td style=\"text-align: center;\">4<\/td>\n<td style=\"text-align: center;\">58<\/td>\n<td style=\"text-align: center;\">51<\/td>\n<\/tr>\n<tr>\n<td style=\"text-align: center;\">5<\/td>\n<td style=\"text-align: center;\">68<\/td>\n<td style=\"text-align: center;\">60<\/td>\n<\/tr>\n<tr>\n<td style=\"text-align: center;\">6<\/td>\n<td style=\"text-align: center;\">77<\/td>\n<td style=\"text-align: center;\">68<\/td>\n<\/tr>\n<tr>\n<td style=\"text-align: center;\">7<\/td>\n<td style=\"text-align: center;\">85<\/td>\n<td style=\"text-align: center;\">75<\/td>\n<\/tr>\n<tr>\n<td style=\"text-align: center;\">8<\/td>\n<td style=\"text-align: center;\">93<\/td>\n<td style=\"text-align: center;\">82<\/td>\n<\/tr>\n<tr>\n<td style=\"text-align: center;\">9<\/td>\n<td style=\"text-align: center;\">100<\/td>\n<td style=\"text-align: center;\">89<\/td>\n<\/tr>\n<tr>\n<td style=\"text-align: center;\">10<\/td>\n<td style=\"text-align: center;\">108<\/td>\n<td style=\"text-align: center;\">&#8211;<\/td>\n<\/tr>\n<\/tbody>\n<\/table>\n<\/div>\n","protected":false},"excerpt":{"rendered":"<p>Savory adult cat Steril Fresh Lamb and Chicken &#8211; hran\u0103 uscat\u0103 echilibrat\u0103 cu con\u021binut redus de cereale, pe baz\u0103 de carne proasp\u0103t\u0103 de miel \u0219i pui pentru pisici adulte sterilizate.<\/p>\n","protected":false},"featured_media":40394,"comment_status":"open","ping_status":"closed","template":"","meta":{"_acf_changed":false},"product_brand":[],"product_cat":[178,169,1821],"product_tag":[],"class_list":{"0":"post-41013","1":"product","2":"type-product","3":"status-publish","4":"has-post-thumbnail","6":"product_cat-pisici-hrana-uscata","7":"product_cat-pisici","8":"product_cat-savory-ro","9":"pa_brand-savory-ro","10":"pa_features-spayed-neutered-ro","11":"pa_ingredients-mutton-ro","12":"pa_ingredients-chicken-ro","13":"pa_item-class-holistic-ro","14":"pa_pet-age-adult-ro","15":"pa_weight-1kgby-weight-ro","16":"pa_weight-2kg-ro","17":"pa_weight-400g-ro","18":"pa_weight-8kg-ro","20":"first","21":"instock","22":"sale","23":"shipping-taxable","24":"purchasable","25":"product-type-variable"},"acf":{"barcode":"","in_stock_sp":false},"_links":{"self":[{"href":"https:\/\/pet-house.md\/ro\/wp-json\/wp\/v2\/product\/41013","targetHints":{"allow":["GET"]}}],"collection":[{"href":"https:\/\/pet-house.md\/ro\/wp-json\/wp\/v2\/product"}],"about":[{"href":"https:\/\/pet-house.md\/ro\/wp-json\/wp\/v2\/types\/product"}],"replies":[{"embeddable":true,"href":"https:\/\/pet-house.md\/ro\/wp-json\/wp\/v2\/comments?post=41013"}],"wp:featuredmedia":[{"embeddable":true,"href":"https:\/\/pet-house.md\/ro\/wp-json\/wp\/v2\/media\/40394"}],"wp:attachment":[{"href":"https:\/\/pet-house.md\/ro\/wp-json\/wp\/v2\/media?parent=41013"}],"wp:term":[{"taxonomy":"product_brand","embeddable":true,"href":"https:\/\/pet-house.md\/ro\/wp-json\/wp\/v2\/product_brand?post=41013"},{"taxonomy":"product_cat","embeddable":true,"href":"https:\/\/pet-house.md\/ro\/wp-json\/wp\/v2\/product_cat?post=41013"},{"taxonomy":"product_tag","embeddable":true,"href":"https:\/\/pet-house.md\/ro\/wp-json\/wp\/v2\/product_tag?post=41013"}],"curies":[{"name":"wp","href":"https:\/\/api.w.org\/{rel}","templated":true}]}}