{"id":41020,"date":"2025-07-29T13:07:01","date_gmt":"2025-07-29T11:07:01","guid":{"rendered":"https:\/\/pet-house.md\/shop\/savory-kitten-chicken-with-fresh-turkey-%d1%81%d1%83%d1%85%d0%be%d0%b9-%d0%ba%d0%be%d1%80%d0%bc-%d0%b4%d0%bb%d1%8f-%d0%ba%d0%be%d1%82%d1%8f%d1%82-%d1%81-%d0%b8%d0%bd%d0%b4%d0%b5%d0%b9%d0%ba%d0%be\/"},"modified":"2025-08-27T13:13:20","modified_gmt":"2025-08-27T11:13:20","slug":"savory-kitten-chicken-with-fresh-turkey-hrana-uscata","status":"publish","type":"product","link":"https:\/\/pet-house.md\/ro\/shop\/savory-kitten-chicken-with-fresh-turkey-hrana-uscata\/","title":{"rendered":"Savory kitten Chicken with Fresh Turkey &#8211; hran\u0103 uscat\u0103 pentru pisoi cu curcan \u0219i pui"},"content":{"rendered":"<p data-start=\"163\" data-end=\"484\"><strong>Savory Kitten chicken with fresh turkey<\/strong> &#8211; hran\u0103 uscat\u0103 echilibrat\u0103, formul\u0103 cu con\u021binut redus de cereale, pe baz\u0103 de carne proasp\u0103t\u0103 de curcan \u0219i pui, pentru pisoi p\u00e2n\u0103 la 12 luni.<br data-start=\"278\" data-end=\"281\" \/>\u00cembog\u0103\u021bit\u0103 cu fructe de p\u0103dure, fructe \u0219i legume, sprijin\u0103 cre\u0219terea s\u0103n\u0103toas\u0103, dezvoltarea armonioas\u0103, \u00eent\u0103re\u0219te imunitatea \u0219i asigur\u0103 organismului un aport optim de vitamine, acizi gra\u0219i \u0219i minerale.<\/p>\n<ul data-start=\"486\" data-end=\"1648\">\n<li data-start=\"486\" data-end=\"664\">\n<p data-start=\"488\" data-end=\"664\">Realizat\u0103 pe baz\u0103 de carne proasp\u0103t\u0103 de curcan \u0219i pui \u2013 surse naturale de proteine, acizi gra\u0219i \u0219i microelemente esen\u021biale \u2013 \u00eembog\u0103\u021bit\u0103 cu fructe de p\u0103dure, fructe \u0219i legume.<\/p>\n<\/li>\n<li data-start=\"665\" data-end=\"912\">\n<p data-start=\"667\" data-end=\"912\">Raportul optim de proteine \u0219i gr\u0103simi, plus con\u021binutul de minerale \u0219i vitamine, contribuie la cre\u0219terea corect\u0103 a pisoilor, la \u00eent\u0103rirea oaselor \u0219i din\u021bilor, la compensarea consumului de energie \u0219i la men\u021binerea unui nivel optim de activitate.<\/p>\n<\/li>\n<li data-start=\"913\" data-end=\"1019\">\n<p data-start=\"915\" data-end=\"1019\">Formula cu con\u021binut redus de cereale reduce riscul reac\u021biilor alergice cauzate de sensibilitatea organismului la cereale.<\/p>\n<\/li>\n<li data-start=\"1020\" data-end=\"1183\">\n<p data-start=\"1022\" data-end=\"1183\">Orezul, dovleacul \u0219i maz\u0103rea verde furnizeaz\u0103 fibre benefice pentru digestie, proteine \u0219i carbohidra\u021bi, sprijinind \u00een mod special animalele cu stomac sensibil.<\/p>\n<\/li>\n<li data-start=\"1184\" data-end=\"1272\">\n<p data-start=\"1186\" data-end=\"1272\">Drojdia de bere \u0219i prebioticele din mere sus\u021bin imunitatea \u0219i \u00eembun\u0103t\u0103\u021besc digestia.<\/p>\n<\/li>\n<li data-start=\"1273\" data-end=\"1386\">\n<p data-start=\"1275\" data-end=\"1386\">Con\u021bine condroprotectoare pentru s\u0103n\u0103tatea articula\u021biilor, elasticitatea \u0219i protec\u021bia \u021besutului cartilaginos.<\/p>\n<\/li>\n<li data-start=\"1387\" data-end=\"1606\">\n<p data-start=\"1389\" data-end=\"1606\">Yucca Schidigera are multiple beneficii: bogat\u0103 \u00een calciu, fier, fosfor, potasiu, mangan, cupru, vitaminele A, C \u0219i B, reduce inflama\u021biile articulare, sprijin\u0103 eliminarea amoniacului \u0219i diminueaz\u0103 mirosul fecalelor.<\/p>\n<\/li>\n<li data-start=\"1607\" data-end=\"1648\">\n<p data-start=\"1609\" data-end=\"1648\">F\u0103r\u0103 coloran\u021bi sau arome artificiale.<\/p>\n<\/li>\n<\/ul>\n<p data-start=\"1650\" data-end=\"2297\"><strong data-start=\"1650\" data-end=\"1665\">Compozi\u021bie:<\/strong> pui deshidratat 30%, curcan proasp\u0103t 15%, gr\u0103sime de pui 11%, maz\u0103re verde, orez alb, orez brun, protein\u0103 de pui hidrolizat\u0103 6,5%, pulp\u0103 de sfecl\u0103 deshidratat\u0103, ulei de somon 2%, minerale, drojdie de bere deshidratat\u0103, cicoare deshidratat\u0103 0,5%, krill antarctic deshidratat 0,5%, morcov deshidratat 0,5%, mere deshidratate 0,5%, mananoligozaharide (MOS) 0,5%, dovleac deshidratat 0,5%, spanac deshidratat 0,15%, meri\u015foare deshidratate 0,15%, afine deshidratate 0,15%, glucozamin\u0103 0,15%, sulfat de condroitin\u0103 0,15%, spirulin\u0103 deshidratat\u0103 0,15%, mix plante (yucca schidigera, roini\u021b\u0103, rozmarin, curcuma, citrice, syzygium) 0,15%.<\/p>\n<p data-start=\"2299\" data-end=\"2551\"><strong data-start=\"2299\" data-end=\"2331\">Aditivi nutri\u021bionali \/ 1 kg:<\/strong> Vitamina A 30000 UI, Vitamina D3 1300 UI, Vitamina E 450 mg, Taurin\u0103 1500 mg, DL-metionin\u0103 5000 mg, Fier 100 mg, Cupru 7 mg, Zinc 100 mg, Mangan 7,5 mg, Iod 1,5 mg, Seleniu 0,15 mg, bentonit\u0103 (montmorillonit) 4500 mg.<\/p>\n<div class=\"z2-card-info-contain-title\">\n<div><\/div>\n<div>\n<hr \/>\n<table border=\"1\" cellspacing=\"0\" cellpadding=\"5\">\n<tbody>\n<tr>\n<th style=\"text-align: center;\">Component<\/th>\n<th style=\"text-align: center;\">Con\u021binut<\/th>\n<\/tr>\n<tr>\n<td style=\"text-align: center;\">proteine<\/td>\n<td style=\"text-align: center;\">34%<\/td>\n<\/tr>\n<tr>\n<td style=\"text-align: center;\">gr\u0103simi<\/td>\n<td style=\"text-align: center;\">20%<\/td>\n<\/tr>\n<tr>\n<td style=\"text-align: center;\">cenu\u0219\u0103<\/td>\n<td style=\"text-align: center;\">8%<\/td>\n<\/tr>\n<tr>\n<td style=\"text-align: center;\">fibre<\/td>\n<td style=\"text-align: center;\">2,5%<\/td>\n<\/tr>\n<tr>\n<td style=\"text-align: center;\">umiditate<\/td>\n<td style=\"text-align: center;\">6%<\/td>\n<\/tr>\n<tr>\n<td style=\"text-align: center;\">calciu<\/td>\n<td style=\"text-align: center;\">1,1%<\/td>\n<\/tr>\n<tr>\n<td style=\"text-align: center;\">fosfor<\/td>\n<td style=\"text-align: center;\">0,8%<\/td>\n<\/tr>\n<tr>\n<td style=\"text-align: center;\">valoare energetic\u0103<\/td>\n<td style=\"text-align: center;\">412,7 kcal\/100 g<\/td>\n<\/tr>\n<tr>\n<td style=\"text-align: center;\">vitamina A<\/td>\n<td style=\"text-align: center;\">30000 UI<\/td>\n<\/tr>\n<tr>\n<td style=\"text-align: center;\">vitamina D3<\/td>\n<td style=\"text-align: center;\">1300 UI<\/td>\n<\/tr>\n<tr>\n<td style=\"text-align: center;\">vitamina E<\/td>\n<td style=\"text-align: center;\">600 mg<\/td>\n<\/tr>\n<\/tbody>\n<\/table>\n<hr \/>\n<h3>Norme de hr\u0103nire<\/h3>\n<table border=\"1\" cellspacing=\"0\" cellpadding=\"5\">\n<tbody>\n<tr>\n<th style=\"text-align: center;\" rowspan=\"2\">Greutatea pisoiului, kg<\/th>\n<th style=\"text-align: center;\" colspan=\"7\">V\u00e2rsta pisoiului, s\u0103pt\u0103m\u00e2ni<\/th>\n<\/tr>\n<tr>\n<th style=\"text-align: center;\">&lt;10<\/th>\n<th style=\"text-align: center;\">10<\/th>\n<th style=\"text-align: center;\">20<\/th>\n<th style=\"text-align: center;\">30<\/th>\n<th style=\"text-align: center;\">35<\/th>\n<th style=\"text-align: center;\">40<\/th>\n<th style=\"text-align: center;\">48<\/th>\n<\/tr>\n<tr>\n<td>0,8<\/td>\n<td>48<\/td>\n<td>&#8211;<\/td>\n<td>&#8211;<\/td>\n<td>&#8211;<\/td>\n<td>&#8211;<\/td>\n<td>&#8211;<\/td>\n<td>&#8211;<\/td>\n<\/tr>\n<tr>\n<td>1,1<\/td>\n<td>&#8211;<\/td>\n<td>53<\/td>\n<td>&#8211;<\/td>\n<td>&#8211;<\/td>\n<td>&#8211;<\/td>\n<td>&#8211;<\/td>\n<td>&#8211;<\/td>\n<\/tr>\n<tr>\n<td>2,1<\/td>\n<td>&#8211;<\/td>\n<td>&#8211;<\/td>\n<td>66<\/td>\n<td>&#8211;<\/td>\n<td>&#8211;<\/td>\n<td>&#8211;<\/td>\n<td>&#8211;<\/td>\n<\/tr>\n<tr>\n<td>3<\/td>\n<td>&#8211;<\/td>\n<td>&#8211;<\/td>\n<td>&#8211;<\/td>\n<td>73<\/td>\n<td>&#8211;<\/td>\n<td>&#8211;<\/td>\n<td>&#8211;<\/td>\n<\/tr>\n<tr>\n<td>3,3<\/td>\n<td>&#8211;<\/td>\n<td>&#8211;<\/td>\n<td>&#8211;<\/td>\n<td>&#8211;<\/td>\n<td>72<\/td>\n<td>&#8211;<\/td>\n<td>&#8211;<\/td>\n<\/tr>\n<tr>\n<td>3,5<\/td>\n<td>&#8211;<\/td>\n<td>&#8211;<\/td>\n<td>&#8211;<\/td>\n<td>&#8211;<\/td>\n<td>&#8211;<\/td>\n<td>68<\/td>\n<td>&#8211;<\/td>\n<\/tr>\n<tr>\n<td>&gt;3,5<\/td>\n<td>&#8211;<\/td>\n<td>&#8211;<\/td>\n<td>&#8211;<\/td>\n<td>&#8211;<\/td>\n<td>&#8211;<\/td>\n<td>&#8211;<\/td>\n<td>59<\/td>\n<\/tr>\n<\/tbody>\n<\/table>\n<\/div>\n<\/div>\n","protected":false},"excerpt":{"rendered":"<p>Savory Kitten chicken with fresh turkey &#8211; hran\u0103 uscat\u0103 echilibrat\u0103, formul\u0103 cu con\u021binut redus de cereale, pe baz\u0103 de carne proasp\u0103t\u0103 de curcan \u0219i pui, pentru pisoi p\u00e2n\u0103 la 12 luni.<\/p>\n","protected":false},"featured_media":40401,"comment_status":"open","ping_status":"closed","template":"","meta":{"_acf_changed":false},"product_brand":[],"product_cat":[178,169,1821],"product_tag":[],"class_list":{"0":"post-41020","1":"product","2":"type-product","3":"status-publish","4":"has-post-thumbnail","6":"product_cat-pisici-hrana-uscata","7":"product_cat-pisici","8":"product_cat-savory-ro","9":"pa_brand-savory-ro","10":"pa_ingredients-turkey-ro","11":"pa_ingredients-chicken-ro","12":"pa_item-class-holistic-ro","13":"pa_pet-age-kittens-ro","14":"pa_weight-1kgby-weight-ro","15":"pa_weight-2kg-ro","16":"pa_weight-400g-ro","17":"pa_weight-8kg-ro","19":"first","20":"instock","21":"sale","22":"shipping-taxable","23":"purchasable","24":"product-type-variable"},"acf":{"barcode":"","in_stock_sp":false},"_links":{"self":[{"href":"https:\/\/pet-house.md\/ro\/wp-json\/wp\/v2\/product\/41020","targetHints":{"allow":["GET"]}}],"collection":[{"href":"https:\/\/pet-house.md\/ro\/wp-json\/wp\/v2\/product"}],"about":[{"href":"https:\/\/pet-house.md\/ro\/wp-json\/wp\/v2\/types\/product"}],"replies":[{"embeddable":true,"href":"https:\/\/pet-house.md\/ro\/wp-json\/wp\/v2\/comments?post=41020"}],"wp:featuredmedia":[{"embeddable":true,"href":"https:\/\/pet-house.md\/ro\/wp-json\/wp\/v2\/media\/40401"}],"wp:attachment":[{"href":"https:\/\/pet-house.md\/ro\/wp-json\/wp\/v2\/media?parent=41020"}],"wp:term":[{"taxonomy":"product_brand","embeddable":true,"href":"https:\/\/pet-house.md\/ro\/wp-json\/wp\/v2\/product_brand?post=41020"},{"taxonomy":"product_cat","embeddable":true,"href":"https:\/\/pet-house.md\/ro\/wp-json\/wp\/v2\/product_cat?post=41020"},{"taxonomy":"product_tag","embeddable":true,"href":"https:\/\/pet-house.md\/ro\/wp-json\/wp\/v2\/product_tag?post=41020"}],"curies":[{"name":"wp","href":"https:\/\/api.w.org\/{rel}","templated":true}]}}