{"id":41053,"date":"2025-07-29T12:39:30","date_gmt":"2025-07-29T10:39:30","guid":{"rendered":"https:\/\/pet-house.md\/shop\/savory-adult-cat-sensitive-digestion-fresh-lamb-and-turkey-%d1%81%d1%83%d1%85%d0%be%d0%b9-%d0%ba%d0%be%d1%80%d0%bc-%d1%81-%d1%8f%d0%b3%d0%bd%d0%b5%d0%bd%d0%ba%d0%be%d0%bc-%d0%b8-%d0%b8%d0%bd%d0%b4\/"},"modified":"2025-08-27T15:20:19","modified_gmt":"2025-08-27T13:20:19","slug":"savory-adult-cat-sensitive-digestion-fresh-lamb-and-turkey-hrana-uscata","status":"publish","type":"product","link":"https:\/\/pet-house.md\/ro\/shop\/savory-adult-cat-sensitive-digestion-fresh-lamb-and-turkey-hrana-uscata\/","title":{"rendered":"Savory adult cat Sensitive Digestion Fresh Lamb and Turkey \u2013 hran\u0103 uscat\u0103 cu miel \u0219i curcan pentru pisici adulte cu digestie sensibil\u0103"},"content":{"rendered":"<p>Savory adult cat Sensitive Digestion Fresh Lamb and Turkey \u2013 hran\u0103 uscat\u0103 complet\u0103, cu con\u021binut redus de cereale, pe baz\u0103 de carne proasp\u0103t\u0103 de miel \u0219i curcan, destinat\u0103 pisicilor adulte cu digestie sensibil\u0103. \u00cembog\u0103\u021bit\u0103 cu fructe, legume \u0219i fructe de p\u0103dure benefice, care sus\u021bin imunitatea \u0219i ofer\u0103 organismului un aport eficient de vitamine, acizi gra\u0219i \u0219i minerale.<\/p>\n<ul style=\"list-style-type: disc;\">\n<li>Realizat\u0103 pe baz\u0103 de carne proasp\u0103t\u0103 de miel \u0219i pui, surse de proteine, acizi gra\u0219i \u0219i microelemente necesare, completat\u0103 cu fructe de p\u0103dure, fructe \u0219i legume.<\/li>\n<li>Recomandat\u0103 pisicilor sterilizate datorit\u0103 ingredientelor hipoalergenice, u\u0219or de digerat \u0219i a sprijinului pentru s\u0103n\u0103tatea aparatului urinar.<\/li>\n<li>Con\u021bine L-carnitin\u0103 pentru men\u021binerea greut\u0103\u021bii optime \u0219i a nivelului de activitate.<\/li>\n<li>Formula cu con\u021binut redus de cereale reduce riscul reac\u021biilor alergice cauzate de sensibilitatea la cereale.<\/li>\n<li>Ingrediente precum orezul, dovleacul \u0219i maz\u0103rea verde furnizeaz\u0103 fibre benefice pentru digestie, proteine \u0219i carbohidra\u021bi de calitate, importante mai ales pentru pisicile cu stomac sensibil.<\/li>\n<li>Sprijin\u0103 s\u0103n\u0103tatea sistemului cardiovascular, normalizeaz\u0103 tensiunea arterial\u0103, are efect antiinflamator \u0219i antioxidant, \u00eent\u0103re\u0219te imunitatea datorit\u0103 mixului de plante medicinale, r\u0103d\u0103cinii de cicoare, fructelor de p\u0103dure \u0219i fructelor.<\/li>\n<li>F\u0103r\u0103 coloran\u021bi \u0219i arome artificiale.<\/li>\n<\/ul>\n<div class=\"z2-card-info-contain-title\">\n<div class=\"ph-new-product-info-box-general-header\">\n<p data-start=\"1894\" data-end=\"2494\"><strong data-start=\"1894\" data-end=\"1909\">Compozi\u021bie:<\/strong> miel proasp\u0103t 15,5%, curcan deshidratat 15%, maz\u0103re verde, orez brun, orez alb, protein\u0103 de pui hidrolizat\u0103 6%, gr\u0103sime de pui 5,5%, pui deshidratat 5%, pulp\u0103 de sfecl\u0103 deshidratat\u0103, krill antarctic deshidratat 0,5%, cicoare deshidratat\u0103 0,5%, drojdii de bere deshidratate 0,5%, mananoligozaharide (MOS) 0,5%, dovleac deshidratat 0,5%, spanac deshidratat 0,15%, meri\u0219oare deshidratate 0,15%, afine deshidratate 0,15%, glucozamin\u0103 0,15%, sulfat de condroitin\u0103 0,15%, spirulin\u0103 deshidratat\u0103 0,15%, mix de plante (Yucca Schidigera, roini\u021b\u0103, rozmarin, curcuma, citrice, Syzygium) 0,15%.<\/p>\n<p data-start=\"2496\" data-end=\"2771\"><strong data-start=\"2496\" data-end=\"2511\">Aditivi\/kg:<\/strong> Vitamina A 30.000 UI, Vitamina D3 1300 UI, Vitamina E 450 mg, taurin\u0103 1500 mg, fier 100 mg, cupru 7 mg, zinc 100 mg, mangan 7,5 mg, iod 1,5 mg, seleniu 0,15 mg, bentonit\u0103 (montmorillonit) 4500 mg.<\/p>\n<p data-start=\"2496\" data-end=\"2771\"><strong data-start=\"2711\" data-end=\"2725\">Probiotic:<\/strong> Enterococcus faecium NCIMB 10415 \u2013 10\u2079 UFC.<\/p>\n<hr \/>\n<table border=\"1\" cellspacing=\"0\" cellpadding=\"5\">\n<tbody>\n<tr>\n<th style=\"text-align: center;\">Component<\/th>\n<th style=\"text-align: center;\">Con\u021binut<\/th>\n<\/tr>\n<tr>\n<td style=\"text-align: center;\">proteine<\/td>\n<td style=\"text-align: center;\">28%<\/td>\n<\/tr>\n<tr>\n<td style=\"text-align: center;\">gr\u0103simi<\/td>\n<td style=\"text-align: center;\">14%<\/td>\n<\/tr>\n<tr>\n<td style=\"text-align: center;\">cenu\u0219\u0103<\/td>\n<td style=\"text-align: center;\">6,5%<\/td>\n<\/tr>\n<tr>\n<td style=\"text-align: center;\">fibre<\/td>\n<td style=\"text-align: center;\">2,5%<\/td>\n<\/tr>\n<tr>\n<td style=\"text-align: center;\">umiditate<\/td>\n<td style=\"text-align: center;\">6%<\/td>\n<\/tr>\n<tr>\n<td style=\"text-align: center;\">calciu<\/td>\n<td style=\"text-align: center;\">1,4%<\/td>\n<\/tr>\n<tr>\n<td style=\"text-align: center;\">fosfor<\/td>\n<td style=\"text-align: center;\">0,9%<\/td>\n<\/tr>\n<tr>\n<td style=\"text-align: center;\">valoare energetic\u0103<\/td>\n<td style=\"text-align: center;\">387,2 kcal\/100g<\/td>\n<\/tr>\n<tr>\n<td style=\"text-align: center;\">vitamina A<\/td>\n<td style=\"text-align: center;\">30000 UI<\/td>\n<\/tr>\n<tr>\n<td style=\"text-align: center;\">vitamina D3<\/td>\n<td style=\"text-align: center;\">1300 UI<\/td>\n<\/tr>\n<tr>\n<td style=\"text-align: center;\">vitamina E<\/td>\n<td style=\"text-align: center;\">450 mg<\/td>\n<\/tr>\n<\/tbody>\n<\/table>\n<hr \/>\n<h3>Norme de hr\u0103nire<\/h3>\n<table border=\"1\" cellspacing=\"0\" cellpadding=\"5\">\n<tbody>\n<tr>\n<th style=\"text-align: center;\">Greutatea pisicii, kg<\/th>\n<th style=\"text-align: center;\" colspan=\"2\">Norma de hr\u0103nire, grame\/zi<\/th>\n<\/tr>\n<tr>\n<th style=\"text-align: center;\"><\/th>\n<th style=\"text-align: center;\">Activitate crescut\u0103<\/th>\n<th style=\"text-align: center;\">Activitate sc\u0103zut\u0103<\/th>\n<\/tr>\n<tr>\n<td style=\"text-align: center;\">1<\/td>\n<td style=\"text-align: center;\">18<\/td>\n<td style=\"text-align: center;\">23<\/td>\n<\/tr>\n<tr>\n<td style=\"text-align: center;\">2<\/td>\n<td style=\"text-align: center;\">41<\/td>\n<td style=\"text-align: center;\">37<\/td>\n<\/tr>\n<tr>\n<td style=\"text-align: center;\">3<\/td>\n<td style=\"text-align: center;\">54<\/td>\n<td style=\"text-align: center;\">49<\/td>\n<\/tr>\n<tr>\n<td style=\"text-align: center;\">4<\/td>\n<td style=\"text-align: center;\">66<\/td>\n<td style=\"text-align: center;\">59<\/td>\n<\/tr>\n<tr>\n<td style=\"text-align: center;\">5<\/td>\n<td style=\"text-align: center;\">76<\/td>\n<td style=\"text-align: center;\">69<\/td>\n<\/tr>\n<tr>\n<td style=\"text-align: center;\">6<\/td>\n<td style=\"text-align: center;\">86<\/td>\n<td style=\"text-align: center;\">78<\/td>\n<\/tr>\n<tr>\n<td style=\"text-align: center;\">7<\/td>\n<td style=\"text-align: center;\">96<\/td>\n<td style=\"text-align: center;\">86<\/td>\n<\/tr>\n<tr>\n<td style=\"text-align: center;\">8<\/td>\n<td style=\"text-align: center;\">105<\/td>\n<td style=\"text-align: center;\">94<\/td>\n<\/tr>\n<tr>\n<td style=\"text-align: center;\">9<\/td>\n<td style=\"text-align: center;\">113<\/td>\n<td style=\"text-align: center;\">102<\/td>\n<\/tr>\n<tr>\n<td style=\"text-align: center;\">10<\/td>\n<td style=\"text-align: center;\">122<\/td>\n<td style=\"text-align: center;\"><\/td>\n<\/tr>\n<\/tbody>\n<\/table>\n<\/div>\n<\/div>\n","protected":false},"excerpt":{"rendered":"<p>Savory adult cat Sensitive Digestion Fresh Lamb and Turkey \u2013 hran\u0103 uscat\u0103 complet\u0103, cu con\u021binut redus de cereale, pe baz\u0103 de carne proasp\u0103t\u0103 de miel \u0219i curcan, destinat\u0103 pisicilor adulte cu digestie sensibil\u0103.<\/p>\n","protected":false},"featured_media":40387,"comment_status":"open","ping_status":"closed","template":"","meta":{"_acf_changed":false},"product_brand":[],"product_cat":[178,169,1821],"product_tag":[],"class_list":{"0":"post-41053","1":"product","2":"type-product","3":"status-publish","4":"has-post-thumbnail","6":"product_cat-pisici-hrana-uscata","7":"product_cat-pisici","8":"product_cat-savory-ro","9":"pa_brand-savory-ro","10":"pa_features-sensitive-digestion-ro","11":"pa_ingredients-turkey-ro","12":"pa_ingredients-mutton-ro","13":"pa_item-class-holistic-ro","14":"pa_pet-age-adult-ro","15":"pa_weight-1kgby-weight-ro","16":"pa_weight-2kg-ro","17":"pa_weight-400g-ro","18":"pa_weight-8kg-ro","20":"first","21":"instock","22":"sale","23":"shipping-taxable","24":"purchasable","25":"product-type-variable"},"acf":{"barcode":"","in_stock_sp":false},"_links":{"self":[{"href":"https:\/\/pet-house.md\/ro\/wp-json\/wp\/v2\/product\/41053","targetHints":{"allow":["GET"]}}],"collection":[{"href":"https:\/\/pet-house.md\/ro\/wp-json\/wp\/v2\/product"}],"about":[{"href":"https:\/\/pet-house.md\/ro\/wp-json\/wp\/v2\/types\/product"}],"replies":[{"embeddable":true,"href":"https:\/\/pet-house.md\/ro\/wp-json\/wp\/v2\/comments?post=41053"}],"wp:featuredmedia":[{"embeddable":true,"href":"https:\/\/pet-house.md\/ro\/wp-json\/wp\/v2\/media\/40387"}],"wp:attachment":[{"href":"https:\/\/pet-house.md\/ro\/wp-json\/wp\/v2\/media?parent=41053"}],"wp:term":[{"taxonomy":"product_brand","embeddable":true,"href":"https:\/\/pet-house.md\/ro\/wp-json\/wp\/v2\/product_brand?post=41053"},{"taxonomy":"product_cat","embeddable":true,"href":"https:\/\/pet-house.md\/ro\/wp-json\/wp\/v2\/product_cat?post=41053"},{"taxonomy":"product_tag","embeddable":true,"href":"https:\/\/pet-house.md\/ro\/wp-json\/wp\/v2\/product_tag?post=41053"}],"curies":[{"name":"wp","href":"https:\/\/api.w.org\/{rel}","templated":true}]}}