{"id":41060,"date":"2025-07-29T12:18:07","date_gmt":"2025-07-29T10:18:07","guid":{"rendered":"https:\/\/pet-house.md\/shop\/savory-adult-cat-gourmand-fresh-turkey-duck-%d1%81%d1%83%d1%85%d0%be%d0%b9-%d0%ba%d0%be%d1%80%d0%bc-%d0%bd%d0%b0-%d0%be%d1%81%d0%bd%d0%be%d0%b2%d0%b5-%d1%81%d0%b2%d0%b5%d0%b6%d0%b5%d0%b3%d0%be\/"},"modified":"2025-08-27T16:36:48","modified_gmt":"2025-08-27T14:36:48","slug":"savory-adult-cat-gourmand-fresh-turkey-duck-%d1%81%d1%83%d1%85%d0%be%d0%b9-%d0%ba%d0%be%d1%80%d0%bc","status":"publish","type":"product","link":"https:\/\/pet-house.md\/ro\/shop\/savory-adult-cat-gourmand-fresh-turkey-duck-%d1%81%d1%83%d1%85%d0%be%d0%b9-%d0%ba%d0%be%d1%80%d0%bc\/","title":{"rendered":"Savory Adult Cat Gourmand Fresh Turkey &#038; Duck &#8211; hran\u0103 uscat\u0103 complet\u0103, cu con\u021binut redus de cereale, pe baz\u0103 de carne proasp\u0103t\u0103 de curcan \u0219i ra\u021b\u0103, pentru pisici"},"content":{"rendered":"<p><strong>Savory Adult Cat Gourmand Fresh Turkey &amp; Duck &#8211; <\/strong>hran\u0103 uscat\u0103 complet\u0103, cu con\u021binut redus de cereale, pe baz\u0103 de carne proasp\u0103t\u0103 de curcan \u0219i ra\u021b\u0103, pentru pisici adulte exigente la gustul hranei. \u00cembog\u0103\u021bit\u0103 cu fructe de p\u0103dure, fructe \u0219i legume pentru sus\u021binerea imunit\u0103\u021bii \u0219i pentru a oferi organismului vitamine, acizi gra\u0219i \u0219i minerale esen\u021biale.<\/p>\n<ul>\n<li>Realizat\u0103 pe baz\u0103 de carne proasp\u0103t\u0103 de curcan \u0219i ra\u021b\u0103, surse de proteine, acizi gra\u0219i \u0219i microelemente necesare, completat\u0103 cu fructe de p\u0103dure, fructe \u0219i legume.<\/li>\n<li>Formula cu con\u021binut redus de cereale reduce riscul reac\u021biilor alergice cauzate de sensibilitatea la cereale.<\/li>\n<li>Datorit\u0103 utiliz\u0103rii c\u0103rnii proaspete de calitate superioar\u0103, hrana are o palatabilitate ridicat\u0103 \u0219i este bine acceptat\u0103 chiar \u0219i de pisicile mofturoase.<\/li>\n<li>Sprijin\u0103 s\u0103n\u0103tatea sistemului cardiovascular, normalizeaz\u0103 tensiunea arterial\u0103, are efect antiinflamator \u0219i antioxidant, \u00eent\u0103re\u0219te imunitatea datorit\u0103 amestecului de plante medicinale, r\u0103d\u0103cinii de cicoare, fructelor de p\u0103dure \u0219i fructelor.<\/li>\n<li>Acizii gra\u0219i Omega-3 \u0219i Omega-6 din uleiul de somon sus\u021bin metabolismul corect, s\u0103n\u0103tatea pielii \u0219i ofer\u0103 bl\u0103nii un aspect str\u0103lucitor \u0219i m\u0103t\u0103sos.<\/li>\n<li>Yucca Schidigera contribuie la reducerea inflama\u021biilor articulare, eliminarea amoniacului din organism \u0219i reduce mirosul nepl\u0103cut al fecalelor.<\/li>\n<li>Con\u021bine taurin\u0103 \u2014 aminoacid esen\u021bial pentru s\u0103n\u0103tatea vederii, a mu\u0219chiului cardiac \u0219i a func\u021bion\u0103rii creierului.<\/li>\n<li>F\u0103r\u0103 coloran\u021bi \u0219i arome artificiale.<\/li>\n<\/ul>\n<p><strong data-start=\"1894\" data-end=\"1909\">Compozi\u021bie:<\/strong>\u00a0Carne proasp\u0103t\u0103 de curcan (15%), carne de ra\u021b\u0103 deshidratat\u0103 (15%), maz\u0103re verde, orez brun, orez alb, carne de pui deshidratat\u0103 (6%), gr\u0103sime de pui (6%), protein\u0103 de pui hidrolizat\u0103 (6%), pulp\u0103 de sfecl\u0103 deshidratat\u0103, ulei de somon (2%), minerale, mananoligozaharide (MOS), drojdii de bere deshidratate, cicoare deshidratat\u0103 (0,5%), krill antarctic deshidratat (0,5%), morcov deshidratat (0,5%), mere deshidratate (0,5%), dovleac deshidratat (0,5%), spanac deshidratat (0,5%), meri\u0219oare deshidratate (0,5%), afine deshidratate (0,5%), glucozamin\u0103 (0,15%), sulfat de condroitin\u0103 (0,15%), spirulin\u0103 deshidratat\u0103 (0,15%), mix de plante (0,15% \u2014 Yucca Schidigera, roini\u021b\u0103, rozmarin, turmeric, citrice, Syzygium).<\/p>\n<p><strong data-start=\"2496\" data-end=\"2511\">Aditivi\/kg:<\/strong>\u00a0Vitamina A 30.000 UI, Vitamina D3 1300 UI, Vitamina E 450 mg, taurin\u0103 1500 mg, DL-metionin\u0103 5000 mg, fier 100 mg, cupru 7 mg, zinc 100 mg, mangan 7,5 mg, iod 1,5 mg, seleniu 0,15 mg, bentonit\u0103 (montmorillonit) 4500 mg.<\/p>\n<p><em><strong data-start=\"2711\" data-end=\"2725\">Probiotic: <\/strong>Enterococcus faecium NCIMB 10415<\/em> \u2013 10\u2079 unit\u0103\u021bi formatoare de colonii.<\/p>\n<p>&nbsp;<\/p>\n<hr \/>\n<p>&nbsp;<\/p>\n<table border=\"1\" cellspacing=\"0\" cellpadding=\"5\">\n<tbody>\n<tr>\n<th style=\"text-align: center;\">Component<\/th>\n<th style=\"text-align: center;\">Con\u021binut<\/th>\n<\/tr>\n<tr>\n<td style=\"text-align: center;\">proteine<\/td>\n<td style=\"text-align: center;\">30%<\/td>\n<\/tr>\n<tr>\n<td style=\"text-align: center;\">gr\u0103simi<\/td>\n<td style=\"text-align: center;\">14%<\/td>\n<\/tr>\n<tr>\n<td style=\"text-align: center;\">cenu\u0219\u0103<\/td>\n<td style=\"text-align: center;\">7,5%<\/td>\n<\/tr>\n<tr>\n<td style=\"text-align: center;\">fibre<\/td>\n<td style=\"text-align: center;\">2,5%<\/td>\n<\/tr>\n<tr>\n<td style=\"text-align: center;\">umiditate<\/td>\n<td style=\"text-align: center;\">6%<\/td>\n<\/tr>\n<tr>\n<td style=\"text-align: center;\">calciu<\/td>\n<td style=\"text-align: center;\">1,3%<\/td>\n<\/tr>\n<tr>\n<td style=\"text-align: center;\">fosfor<\/td>\n<td style=\"text-align: center;\">0,8%<\/td>\n<\/tr>\n<tr>\n<td style=\"text-align: center;\">valoare energetic\u0103<\/td>\n<td style=\"text-align: center;\">384,9 kcal\/100g<\/td>\n<\/tr>\n<tr>\n<td style=\"text-align: center;\">vitamina A<\/td>\n<td style=\"text-align: center;\">30000 UI<\/td>\n<\/tr>\n<tr>\n<td style=\"text-align: center;\">vitamina D3<\/td>\n<td style=\"text-align: center;\">1300 UI<\/td>\n<\/tr>\n<tr>\n<td style=\"text-align: center;\">vitamina E<\/td>\n<td style=\"text-align: center;\">450 mg<\/td>\n<\/tr>\n<\/tbody>\n<\/table>\n<p>&nbsp;<\/p>\n<hr \/>\n<p>&nbsp;<\/p>\n<table border=\"1\" cellspacing=\"0\" cellpadding=\"5\">\n<caption><strong>Norme de hr\u0103nire<\/strong><\/caption>\n<tbody>\n<tr>\n<th style=\"text-align: center;\">Greutatea pisicii, kg<\/th>\n<th style=\"text-align: center;\" colspan=\"2\">Norma de hr\u0103nire, grame\/zi<\/th>\n<\/tr>\n<tr>\n<th style=\"text-align: center;\"><\/th>\n<th style=\"text-align: center;\">Activitate ridicat\u0103<\/th>\n<th style=\"text-align: center;\">Activitate redus\u0103<\/th>\n<\/tr>\n<tr>\n<td style=\"text-align: center;\">1<\/td>\n<td style=\"text-align: center;\">18<\/td>\n<td style=\"text-align: center;\">23<\/td>\n<\/tr>\n<tr>\n<td style=\"text-align: center;\">2<\/td>\n<td style=\"text-align: center;\">41<\/td>\n<td style=\"text-align: center;\">37<\/td>\n<\/tr>\n<tr>\n<td style=\"text-align: center;\">3<\/td>\n<td style=\"text-align: center;\">54<\/td>\n<td style=\"text-align: center;\">49<\/td>\n<\/tr>\n<tr>\n<td style=\"text-align: center;\">4<\/td>\n<td style=\"text-align: center;\">66<\/td>\n<td style=\"text-align: center;\">59<\/td>\n<\/tr>\n<tr>\n<td style=\"text-align: center;\">5<\/td>\n<td style=\"text-align: center;\">76<\/td>\n<td style=\"text-align: center;\">69<\/td>\n<\/tr>\n<tr>\n<td style=\"text-align: center;\">6<\/td>\n<td style=\"text-align: center;\">86<\/td>\n<td style=\"text-align: center;\">78<\/td>\n<\/tr>\n<tr>\n<td style=\"text-align: center;\">7<\/td>\n<td style=\"text-align: center;\">96<\/td>\n<td style=\"text-align: center;\">86<\/td>\n<\/tr>\n<tr>\n<td style=\"text-align: center;\">8<\/td>\n<td style=\"text-align: center;\">105<\/td>\n<td style=\"text-align: center;\">94<\/td>\n<\/tr>\n<tr>\n<td style=\"text-align: center;\">9<\/td>\n<td style=\"text-align: center;\">113<\/td>\n<td style=\"text-align: center;\">102<\/td>\n<\/tr>\n<tr>\n<td style=\"text-align: center;\">10<\/td>\n<td style=\"text-align: center;\">122<\/td>\n<td style=\"text-align: center;\">109<\/td>\n<\/tr>\n<\/tbody>\n<\/table>\n","protected":false},"excerpt":{"rendered":"<p>Savory Adult Cat Gourmand Fresh Turkey &amp; Duck &#8211; hran\u0103 uscat\u0103 complet\u0103, cu con\u021binut redus de cereale, pe baz\u0103 de carne proasp\u0103t\u0103 de curcan \u0219i ra\u021b\u0103, pentru pisici adulte exigente la gustul hranei.<\/p>\n","protected":false},"featured_media":40378,"comment_status":"open","ping_status":"closed","template":"","meta":{"_acf_changed":false},"product_brand":[],"product_cat":[178,169,1821],"product_tag":[],"class_list":{"0":"post-41060","1":"product","2":"type-product","3":"status-publish","4":"has-post-thumbnail","6":"product_cat-pisici-hrana-uscata","7":"product_cat-pisici","8":"product_cat-savory-ro","9":"pa_brand-savory-ro","10":"pa_ingredients-turkey-ro","11":"pa_ingredients-duck-ro","12":"pa_item-class-holistic-ro","13":"pa_pet-age-adult-ro","14":"pa_weight-1kgby-weight-ro","15":"pa_weight-2kg-ro","16":"pa_weight-400g-ro","17":"pa_weight-8kg-ro","19":"first","20":"instock","21":"sale","22":"shipping-taxable","23":"purchasable","24":"product-type-variable"},"acf":{"barcode":"","in_stock_sp":false},"_links":{"self":[{"href":"https:\/\/pet-house.md\/ro\/wp-json\/wp\/v2\/product\/41060","targetHints":{"allow":["GET"]}}],"collection":[{"href":"https:\/\/pet-house.md\/ro\/wp-json\/wp\/v2\/product"}],"about":[{"href":"https:\/\/pet-house.md\/ro\/wp-json\/wp\/v2\/types\/product"}],"replies":[{"embeddable":true,"href":"https:\/\/pet-house.md\/ro\/wp-json\/wp\/v2\/comments?post=41060"}],"wp:featuredmedia":[{"embeddable":true,"href":"https:\/\/pet-house.md\/ro\/wp-json\/wp\/v2\/media\/40378"}],"wp:attachment":[{"href":"https:\/\/pet-house.md\/ro\/wp-json\/wp\/v2\/media?parent=41060"}],"wp:term":[{"taxonomy":"product_brand","embeddable":true,"href":"https:\/\/pet-house.md\/ro\/wp-json\/wp\/v2\/product_brand?post=41060"},{"taxonomy":"product_cat","embeddable":true,"href":"https:\/\/pet-house.md\/ro\/wp-json\/wp\/v2\/product_cat?post=41060"},{"taxonomy":"product_tag","embeddable":true,"href":"https:\/\/pet-house.md\/ro\/wp-json\/wp\/v2\/product_tag?post=41060"}],"curies":[{"name":"wp","href":"https:\/\/api.w.org\/{rel}","templated":true}]}}