{"id":41067,"date":"2025-07-29T12:05:30","date_gmt":"2025-07-29T10:05:30","guid":{"rendered":"https:\/\/pet-house.md\/shop\/savory-adult-cat-gourmand-fresh-salmon-white-fish-%d1%81-%d0%bb%d0%be%d1%81%d0%be%d1%81%d0%b5%d0%bc-%d0%b8-%d0%b1%d0%b5%d0%bb%d0%be%d0%b9-%d1%80%d1%8b%d0%b1%d0%be%d0%b9-%d0%b4%d0%bb%d1%8f-%d0%b2\/"},"modified":"2025-08-27T17:30:45","modified_gmt":"2025-08-27T15:30:45","slug":"savory-adult-cat-gourmand-fresh-salmon-white-fish-hrana-uscata","status":"publish","type":"product","link":"https:\/\/pet-house.md\/ro\/shop\/savory-adult-cat-gourmand-fresh-salmon-white-fish-hrana-uscata\/","title":{"rendered":"Savory Adult Cat Gourmand Fresh Salmon &#038; White Fish \u2013 hran\u0103 uscat\u0103 echilibrat\u0103, cu con\u021binut redus de cereale, pe baz\u0103 de somon proasp\u0103t \u0219i pe\u0219te alb, pentru pisici adulte"},"content":{"rendered":"<p><strong data-start=\"50\" data-end=\"105\">Savory Adult Cat Gourmand Fresh Salmon &amp; White Fish<\/strong> \u2013 hran\u0103 uscat\u0103 echilibrat\u0103, cu con\u021binut redus de cereale, pe baz\u0103 de somon proasp\u0103t \u0219i pe\u0219te alb, pentru pisici adulte cu p\u0103r lung. \u00cembog\u0103\u021bit\u0103 cu fructe de p\u0103dure, fructe \u0219i legume utile pentru sus\u021binerea imunit\u0103\u021bii \u0219i pentru a asigura organismului un aport eficient de vitamine, acizi gra\u0219i \u0219i minerale.<\/p>\n<ul>\n<li>Realizat\u0103 pe baz\u0103 de carne proasp\u0103t\u0103 de somon \u0219i pe\u0219te alb, surse de proteine, acizi gra\u0219i \u0219i microelemente necesare, completat\u0103 cu fructe de p\u0103dure, fructe \u0219i legume<\/li>\n<li>Formula cu con\u021binut redus de cereale reduce riscul reac\u021biilor alergice cauzate de sensibilitatea la cereale<\/li>\n<li>Datorit\u0103 utiliz\u0103rii c\u0103rnii proaspete de calitate, hrana are o palatabilitate ridicat\u0103 \u0219i este bine acceptat\u0103 chiar \u0219i de animalele preten\u021bioase \u0219i de pisicile sensibile la gust<\/li>\n<li>Creeaz\u0103 un efect de sus\u021binere a sistemului imunitar \u0219i influen\u021beaz\u0103 pozitiv digestia datorit\u0103 drojdiilor de bere \u0219i prebioticelor din mere<\/li>\n<li>\u00cembog\u0103\u021bit\u0103 cu condroprotectori pentru func\u021bionarea s\u0103n\u0103toas\u0103, formarea, \u00eent\u0103rirea, protec\u021bia \u0219i elasticitatea \u021besutului cartilaginos al articula\u021biilor<\/li>\n<li>Acizii gra\u0219i Omega-3 \u0219i Omega-6 din uleiul de somon sunt esen\u021biali pentru un metabolism corect, pentru func\u021bionarea armonioas\u0103 a sistemelor organismului \u0219i, \u00een acela\u0219i timp, hr\u0103nesc pielea \u0219i fac blana pisicii str\u0103lucitoare \u0219i m\u0103t\u0103soas\u0103<\/li>\n<li>Afinele uscate men\u021bin s\u0103n\u0103tatea tractului urinar, regleaz\u0103 aciditatea urinei \u0219i previn dezvoltarea florei patogene \u00een sistemul urinar<\/li>\n<li>Utilizarea krillului antarctic, surs\u0103 de EPA \u0219i DHA, contribuie la men\u021binerea acuit\u0103\u021bii vizuale \u0219i la buna func\u021bionare a creierului<\/li>\n<li>F\u0103r\u0103 coloran\u021bi \u0219i arome artificiale<\/li>\n<\/ul>\n<p><strong>Compozi\u021bie:<\/strong> Somon proasp\u0103t 15%, pe\u0219te alb deshidratat 15%, maz\u0103re verde 15%, orez brun, orez alb, gr\u0103sime de pui 6%, protein\u0103 de pui hidrolizat\u0103 6%, pui deshidratat 5%, pulp\u0103 de sfecl\u0103 deshidratat\u0103, ulei de somon, morcov deshidratat 0,5%, mere deshidratate 0,5%, krill antarctic deshidratat 0,5%, cicoare deshidratat\u0103 0,5%, drojdii de bere deshidratate 0,5%, mananoligozaharide (MOS) 0,5%, dovleac deshidratat 0,5%, spanac deshidratat 0,15%, meri\u0219or deshidratat 0,15%, afine deshidratate 0,15%, glucozamin\u0103 0,15%, sulfat de condroitin\u0103 0,15%, spirulin\u0103 deshidratat\u0103 0,15%, mix de plante (Yucca Schidigera, roini\u021b\u0103, rozmarin, turmeric, citrice, Syzygium) 0,15%.<\/p>\n<p><strong>Aditivi per 1 kg:<\/strong> vitamina A 30000 UI, vitamina D3 1300 UI, vitamina E 450 mg, taurin\u0103 1500 mg, DL-metionin\u0103 5000 mg, fier 100 mg, cupru 7 mg, zinc 100 mg, mangan 7,5 mg, iod 1,5 mg, seleniu 0,15 mg, bentonit\u0103 (montmorillonit) 4500 mg.<\/p>\n<p><strong>Probiotic:<\/strong> Enterococcus faecium NCIMB 10415 10\u2079 unit\u0103\u021bi formatoare de colonii.<\/p>\n<hr \/>\n<p>&nbsp;<\/p>\n<table border=\"1\" cellspacing=\"0\" cellpadding=\"5\">\n<tbody>\n<tr>\n<th style=\"text-align: center;\">Component<\/th>\n<th style=\"text-align: center;\">Con\u021binut<\/th>\n<\/tr>\n<tr>\n<td style=\"text-align: center;\">proteine<\/td>\n<td style=\"text-align: center;\">30%<\/td>\n<\/tr>\n<tr>\n<td style=\"text-align: center;\">gr\u0103simi<\/td>\n<td style=\"text-align: center;\">14%<\/td>\n<\/tr>\n<tr>\n<td style=\"text-align: center;\">cenu\u0219\u0103<\/td>\n<td style=\"text-align: center;\">6%<\/td>\n<\/tr>\n<tr>\n<td style=\"text-align: center;\">fibre<\/td>\n<td style=\"text-align: center;\">2,5%<\/td>\n<\/tr>\n<tr>\n<td style=\"text-align: center;\">umiditate<\/td>\n<td style=\"text-align: center;\">6%<\/td>\n<\/tr>\n<tr>\n<td style=\"text-align: center;\">calciu<\/td>\n<td style=\"text-align: center;\">0,8%<\/td>\n<\/tr>\n<tr>\n<td style=\"text-align: center;\">fosfor<\/td>\n<td style=\"text-align: center;\">0,7%<\/td>\n<\/tr>\n<tr>\n<td style=\"text-align: center;\">valoare energetic\u0103<\/td>\n<td style=\"text-align: center;\">390,2 kcal\/100g<\/td>\n<\/tr>\n<tr>\n<td style=\"text-align: center;\">vitamina A<\/td>\n<td style=\"text-align: center;\">30000 UI<\/td>\n<\/tr>\n<tr>\n<td style=\"text-align: center;\">vitamina D3<\/td>\n<td style=\"text-align: center;\">1300 UI<\/td>\n<\/tr>\n<tr>\n<td style=\"text-align: center;\">vitamina E<\/td>\n<td style=\"text-align: center;\">450 mg<\/td>\n<\/tr>\n<\/tbody>\n<\/table>\n<p>&nbsp;<\/p>\n<hr \/>\n<p>&nbsp;<\/p>\n<table border=\"1\" cellspacing=\"0\" cellpadding=\"5\">\n<tbody>\n<tr>\n<th>Greutatea pisicii, kg<\/th>\n<th colspan=\"2\">Norma de hr\u0103nire, grame\/zi<\/th>\n<\/tr>\n<tr>\n<th><\/th>\n<th>Activitate crescut\u0103<\/th>\n<th>Activitate sc\u0103zut\u0103<\/th>\n<\/tr>\n<tr>\n<td style=\"text-align: center;\">1<\/td>\n<td style=\"text-align: center;\">18<\/td>\n<td style=\"text-align: center;\">23<\/td>\n<\/tr>\n<tr>\n<td style=\"text-align: center;\">2<\/td>\n<td style=\"text-align: center;\">41<\/td>\n<td style=\"text-align: center;\">37<\/td>\n<\/tr>\n<tr>\n<td style=\"text-align: center;\">3<\/td>\n<td style=\"text-align: center;\">54<\/td>\n<td style=\"text-align: center;\">49<\/td>\n<\/tr>\n<tr>\n<td style=\"text-align: center;\">4<\/td>\n<td style=\"text-align: center;\">66<\/td>\n<td style=\"text-align: center;\">59<\/td>\n<\/tr>\n<tr>\n<td style=\"text-align: center;\">5<\/td>\n<td style=\"text-align: center;\">76<\/td>\n<td style=\"text-align: center;\">69<\/td>\n<\/tr>\n<tr>\n<td style=\"text-align: center;\">6<\/td>\n<td style=\"text-align: center;\">86<\/td>\n<td style=\"text-align: center;\">78<\/td>\n<\/tr>\n<tr>\n<td style=\"text-align: center;\">7<\/td>\n<td style=\"text-align: center;\">96<\/td>\n<td style=\"text-align: center;\">86<\/td>\n<\/tr>\n<tr>\n<td style=\"text-align: center;\">8<\/td>\n<td style=\"text-align: center;\">105<\/td>\n<td style=\"text-align: center;\">94<\/td>\n<\/tr>\n<tr>\n<td style=\"text-align: center;\">9<\/td>\n<td style=\"text-align: center;\">113<\/td>\n<td style=\"text-align: center;\">102<\/td>\n<\/tr>\n<tr>\n<td style=\"text-align: center;\">10<\/td>\n<td style=\"text-align: center;\">122<\/td>\n<td style=\"text-align: center;\">109<\/td>\n<\/tr>\n<\/tbody>\n<\/table>\n","protected":false},"excerpt":{"rendered":"<p>Savory Adult Cat Gourmand Fresh Salmon &amp; White Fish \u2013 hran\u0103 uscat\u0103 echilibrat\u0103, cu con\u021binut redus de cereale, pe baz\u0103 de somon proasp\u0103t \u0219i pe\u0219te alb, pentru pisici adulte cu p\u0103r lung.<\/p>\n","protected":false},"featured_media":40369,"comment_status":"open","ping_status":"closed","template":"","meta":{"_acf_changed":false},"product_brand":[],"product_cat":[178,169,1821],"product_tag":[],"class_list":{"0":"post-41067","1":"product","2":"type-product","3":"status-publish","4":"has-post-thumbnail","6":"product_cat-pisici-hrana-uscata","7":"product_cat-pisici","8":"product_cat-savory-ro","9":"pa_brand-savory-ro","10":"pa_features-for-healthy-skin-and-coat-ro","11":"pa_ingredients-salmon-ro","12":"pa_item-class-holistic-ro","13":"pa_pet-age-adult-ro","14":"pa_weight-1kgby-weight-ro","15":"pa_weight-2kg-ro","16":"pa_weight-400g-ro","17":"pa_weight-8kg-ro","19":"first","20":"instock","21":"sale","22":"shipping-taxable","23":"purchasable","24":"product-type-variable"},"acf":{"barcode":"","in_stock_sp":false},"_links":{"self":[{"href":"https:\/\/pet-house.md\/ro\/wp-json\/wp\/v2\/product\/41067","targetHints":{"allow":["GET"]}}],"collection":[{"href":"https:\/\/pet-house.md\/ro\/wp-json\/wp\/v2\/product"}],"about":[{"href":"https:\/\/pet-house.md\/ro\/wp-json\/wp\/v2\/types\/product"}],"replies":[{"embeddable":true,"href":"https:\/\/pet-house.md\/ro\/wp-json\/wp\/v2\/comments?post=41067"}],"wp:featuredmedia":[{"embeddable":true,"href":"https:\/\/pet-house.md\/ro\/wp-json\/wp\/v2\/media\/40369"}],"wp:attachment":[{"href":"https:\/\/pet-house.md\/ro\/wp-json\/wp\/v2\/media?parent=41067"}],"wp:term":[{"taxonomy":"product_brand","embeddable":true,"href":"https:\/\/pet-house.md\/ro\/wp-json\/wp\/v2\/product_brand?post=41067"},{"taxonomy":"product_cat","embeddable":true,"href":"https:\/\/pet-house.md\/ro\/wp-json\/wp\/v2\/product_cat?post=41067"},{"taxonomy":"product_tag","embeddable":true,"href":"https:\/\/pet-house.md\/ro\/wp-json\/wp\/v2\/product_tag?post=41067"}],"curies":[{"name":"wp","href":"https:\/\/api.w.org\/{rel}","templated":true}]}}