{"id":41074,"date":"2025-07-29T11:35:17","date_gmt":"2025-07-29T09:35:17","guid":{"rendered":"https:\/\/pet-house.md\/shop\/savory-%d0%b2%d0%bb%d0%b0%d0%b6%d0%bd%d1%8b%d0%b9-%d0%ba%d0%be%d1%80%d0%bc-%d0%b4%d0%bb%d1%8f-%d0%ba%d0%be%d1%88%d0%b5%d0%ba-sterilised-with-lamb-and-cranberry-%d1%81-%d1%8f%d0%b3%d0%bd%d0%b5%d0%bd\/"},"modified":"2025-08-27T18:29:19","modified_gmt":"2025-08-27T16:29:19","slug":"savory-hrana-umeda-pentru-pisici-sterilised-with-lamb-and-cranberry-cu-miel-si-merisor-in-sos-85g","status":"publish","type":"product","link":"https:\/\/pet-house.md\/ro\/shop\/savory-hrana-umeda-pentru-pisici-sterilised-with-lamb-and-cranberry-cu-miel-si-merisor-in-sos-85g\/","title":{"rendered":"SAVORY hran\u0103 umed\u0103 pentru pisici Sterilised with Lamb and Cranberry \u2013 cu miel \u0219i meri\u0219or \u00een sos 85g"},"content":{"rendered":"<p><strong>SAVORY <\/strong>hran\u0103 umed\u0103 pentru pisici<strong> Sterilised with Lamb and Cranberry<\/strong> \u2013 hran\u0103 complet\u0103 \u0219i echilibrat\u0103 sub form\u0103 de buc\u0103\u021bi de miel \u0219i meri\u0219or \u00een sos aromat pentru pisici adulte \u0219i pisoi dup\u0103 castrare \u0219i sterilizare. Ingrediente gustoase \u0219i func\u021bionale care contribuie la s\u0103n\u0103tatea aparatului urinar \u0219i men\u021binerea greut\u0103\u021bii normale a companionului.<\/p>\n<ul>\n<li>Preparat\u0103 din ingrediente naturale de \u00eenalt\u0103 calitate, al c\u0103ror gust \u0219i arom\u0103 ini\u021bial\u0103 se p\u0103streaz\u0103 datorit\u0103 tehnologiilor moderne de produc\u021bie \u0219i conservan\u021bilor naturali.<\/li>\n<li>Ra\u021bia este perfect echilibrat\u0103, satisf\u0103c\u00e2nd pe deplin nevoile nutri\u021bionale \u0219i energetice ale pisicii dup\u0103 castrare sau sterilizare.<\/li>\n<li>Poate fi utilizat\u0103 ca hran\u0103 complet\u0103 sau pentru diversificarea ra\u021biei zilnice a pisicii.<\/li>\n<li>Carnea de miel se remarc\u0103 prin gust excelent, proteine u\u0219or digerabile, hipoalergenice \u0219i dietetice, bog\u0103\u021bia de microelemente \u0219i vitamine.<\/li>\n<li>Meri\u0219orul \u2014 un ingredient important \u00een alimenta\u021bia pisicilor, acidific\u0103 urina \u0219i regleaz\u0103 nivelul pH-ului, reduc\u00e2nd riscul form\u0103rii nisipului urinar.<\/li>\n<li>\u00cembog\u0103\u021bit\u0103 cu biotin\u0103, zinc \u0219i vitamina E, care refac stratul protector al pielii, reduc c\u0103derea p\u0103rului, ofer\u0103 bl\u0103nii un luciu s\u0103n\u0103tos \u0219i intensific\u0103 culoarea.<\/li>\n<li>Aminoacidul taurin\u0103 nu este produs de organismul pisicii \u0219i trebuie s\u0103 fie asimilat prin hran\u0103; acesta sus\u021bine s\u0103n\u0103tatea ochilor \u0219i a mu\u0219chiului cardiac.<\/li>\n<li>Textura fin\u0103 o face potrivit\u0103 pisicilor preten\u021bioase \u0219i celor \u00een v\u00e2rst\u0103.<\/li>\n<li>Poate fi utilizat\u0103 ca ra\u021bie principal\u0103 pentru pisoi steriliza\u021bi sau castra\u021bi.<\/li>\n<li>Con\u021binutul ridicat de umiditate ajut\u0103 la men\u021binerea echilibrului hidric \u0219i previne cre\u0219terea concentra\u021biei urinei, reduc\u00e2nd riscul afec\u021biunilor tractului urinar.<\/li>\n<li>F\u0103r\u0103 coloran\u021bi \u0219i arome artificiale.<\/li>\n<\/ul>\n<p><strong>Compozi\u021bie:<\/strong> Carne \u0219i produse de origine animal\u0103 (85% \u00een buc\u0103\u021bi, inclusiv 4% miel), fructe (1% meri\u0219or deshidratat, echivalent cu 4% meri\u0219or proasp\u0103t), produse de origine vegetal\u0103, extract proteic vegetal, minerale, zaharuri.<\/p>\n<p><strong>Aditivi per 1 kg:<\/strong> Vitamina D3 300 UI, Vitamina E 100 mg, Taurin\u0103 1000 mg, Zinc 10 mg, Mangan 2 mg, Iod 0,7 mg, Cupru 2 mg, Fier 2 mg, Biotin\u0103 100 \u03bcg.<\/p>\n<p><strong>Instruc\u021biuni de hr\u0103nire:<\/strong><\/p>\n<ul>\n<li>Respecta\u021bi normele de hr\u0103nire recomandate, dar \u021bine\u021bi cont \u0219i de nevoile individuale ale pisicii. Ra\u021bia zilnic\u0103 poate varia cu aproximativ 20% \u00een func\u021bie de activitate, metabolism \u0219i temperatura mediului.<\/li>\n<li>Servi\u021bi hrana numai la temperatura camerei.<\/li>\n<li>La trecerea de la o hran\u0103 la alta, realiza\u021bi schimbarea treptat, pe parcursul a circa 5 zile, \u00eencep\u00e2nd cu o cantitate mic\u0103 amestecat\u0103 \u00een hrana obi\u0219nuit\u0103 p\u00e2n\u0103 la \u00eenlocuirea complet\u0103.<\/li>\n<li>Asigura\u021bi acces permanent la ap\u0103 potabil\u0103 proasp\u0103t\u0103.<\/li>\n<li>Dup\u0103 deschidere, p\u0103stra\u021bi la frigider \u0219i consuma\u021bi \u00een decurs de 2 zile.<\/li>\n<\/ul>\n<hr \/>\n<table border=\"1\" cellspacing=\"0\" cellpadding=\"5\">\n<tbody>\n<tr>\n<th>Component<\/th>\n<th>Con\u021binut<\/th>\n<\/tr>\n<tr>\n<td style=\"text-align: center;\">proteine<\/td>\n<td style=\"text-align: center;\">9%<\/td>\n<\/tr>\n<tr>\n<td style=\"text-align: center;\">gr\u0103simi<\/td>\n<td style=\"text-align: center;\">3%<\/td>\n<\/tr>\n<tr>\n<td style=\"text-align: center;\">cenu\u0219\u0103<\/td>\n<td style=\"text-align: center;\">2,1%<\/td>\n<\/tr>\n<tr>\n<td style=\"text-align: center;\">fibre<\/td>\n<td style=\"text-align: center;\">0,3%<\/td>\n<\/tr>\n<tr>\n<td style=\"text-align: center;\">umiditate<\/td>\n<td style=\"text-align: center;\">83%<\/td>\n<\/tr>\n<tr>\n<td style=\"text-align: center;\">valoare energetic\u0103<\/td>\n<td style=\"text-align: center;\">72 kcal\/100g<\/td>\n<\/tr>\n<tr>\n<td style=\"text-align: center;\">vitamina D3<\/td>\n<td style=\"text-align: center;\">300 UI<\/td>\n<\/tr>\n<tr>\n<td style=\"text-align: center;\">vitamina E<\/td>\n<td style=\"text-align: center;\">100 mg<\/td>\n<\/tr>\n<\/tbody>\n<\/table>\n<hr \/>\n<table border=\"1\" cellspacing=\"0\" cellpadding=\"5\">\n<tbody>\n<tr>\n<th style=\"text-align: center;\">Greutatea pisicii, kg<\/th>\n<th style=\"text-align: center;\">Ra\u021bia zilnic\u0103, grame\/zi<\/th>\n<\/tr>\n<tr>\n<td style=\"text-align: center;\">2 &#8211; 4<\/td>\n<td style=\"text-align: center;\">170 &#8211; 255<\/td>\n<\/tr>\n<tr>\n<td style=\"text-align: center;\">4 &#8211; 6<\/td>\n<td style=\"text-align: center;\">255 &#8211; 340<\/td>\n<\/tr>\n<\/tbody>\n<\/table>\n","protected":false},"excerpt":{"rendered":"<p>SAVORY hran\u0103 umed\u0103 pentru pisici Sterilised with Lamb and Cranberry \u2013 hran\u0103 complet\u0103 \u0219i echilibrat\u0103 sub form\u0103 de buc\u0103\u021bi de miel \u0219i meri\u0219or \u00een sos aromat pentru pisici adulte \u0219i pisoi dup\u0103 castrare \u0219i sterilizare.<\/p>\n","protected":false},"featured_media":40366,"comment_status":"open","ping_status":"closed","template":"","meta":{"_acf_changed":false},"product_brand":[],"product_cat":[172,169,1821],"product_tag":[],"class_list":{"0":"post-41074","1":"product","2":"type-product","3":"status-publish","4":"has-post-thumbnail","6":"product_cat-pisici-hrana-umeda","7":"product_cat-pisici","8":"product_cat-savory-ro","9":"pa_brand-savory-ro","10":"pa_ingredients-mutton-ro","11":"pa_pet-age-adult-ro","12":"pa_weight-85g-ro","14":"first","15":"instock","16":"shipping-taxable","17":"purchasable","18":"product-type-simple"},"acf":{"barcode":"","in_stock_sp":false},"_links":{"self":[{"href":"https:\/\/pet-house.md\/ro\/wp-json\/wp\/v2\/product\/41074","targetHints":{"allow":["GET"]}}],"collection":[{"href":"https:\/\/pet-house.md\/ro\/wp-json\/wp\/v2\/product"}],"about":[{"href":"https:\/\/pet-house.md\/ro\/wp-json\/wp\/v2\/types\/product"}],"replies":[{"embeddable":true,"href":"https:\/\/pet-house.md\/ro\/wp-json\/wp\/v2\/comments?post=41074"}],"wp:featuredmedia":[{"embeddable":true,"href":"https:\/\/pet-house.md\/ro\/wp-json\/wp\/v2\/media\/40366"}],"wp:attachment":[{"href":"https:\/\/pet-house.md\/ro\/wp-json\/wp\/v2\/media?parent=41074"}],"wp:term":[{"taxonomy":"product_brand","embeddable":true,"href":"https:\/\/pet-house.md\/ro\/wp-json\/wp\/v2\/product_brand?post=41074"},{"taxonomy":"product_cat","embeddable":true,"href":"https:\/\/pet-house.md\/ro\/wp-json\/wp\/v2\/product_cat?post=41074"},{"taxonomy":"product_tag","embeddable":true,"href":"https:\/\/pet-house.md\/ro\/wp-json\/wp\/v2\/product_tag?post=41074"}],"curies":[{"name":"wp","href":"https:\/\/api.w.org\/{rel}","templated":true}]}}