{"id":41078,"date":"2025-07-29T11:25:52","date_gmt":"2025-07-29T09:25:52","guid":{"rendered":"https:\/\/pet-house.md\/shop\/savory-%d0%b2%d0%bb%d0%b0%d0%b6%d0%bd%d1%8b%d0%b9-%d0%ba%d0%be%d1%80%d0%bc-%d0%b4%d0%bb%d1%8f-%d0%ba%d0%be%d1%88%d0%b5%d0%ba-turkey-and-carrot-%d1%81-%d0%b8%d0%bd%d0%b4%d0%b5%d0%b9%d0%ba%d0%be%d0%b9\/"},"modified":"2025-08-27T18:57:17","modified_gmt":"2025-08-27T16:57:17","slug":"savory-hrana-umeda-pentru-pisici-sterilised-turkey-and-carrot-curcan-si-morcov-in-jeleu-85g","status":"publish","type":"product","link":"https:\/\/pet-house.md\/ro\/shop\/savory-hrana-umeda-pentru-pisici-sterilised-turkey-and-carrot-curcan-si-morcov-in-jeleu-85g\/","title":{"rendered":"SAVORY hran\u0103 umed\u0103 pentru pisici Sterilised Turkey and Carrot &#8211; curcan \u0219i morcov \u00een jeleu 85g"},"content":{"rendered":"<p><strong>SAVORY<\/strong> hran\u0103 umed\u0103 pentru pisici <strong>Sterilised Turkey and Carrot<\/strong> \u2013 aliment complet \u0219i echilibrat sub form\u0103 de buc\u0103\u021bi de curcan \u0219i morcov \u00een jeleu delicat, destinat pisicilor adulte \u0219i pisoilor dup\u0103 castrare \u0219i sterilizare. Ingredientele gustoase \u0219i func\u021bionale contribuie la s\u0103n\u0103tatea sistemului urinar \u0219i la men\u021binerea greut\u0103\u021bii optime a companionului.<\/p>\n<ul>\n<li>Fabricat din ingrediente naturale de \u00eenalt\u0103 calitate, al c\u0103ror gust \u0219i arom\u0103 ini\u021biale sunt p\u0103strate datorit\u0103 tehnologiilor moderne de produc\u021bie \u0219i conservan\u021bilor naturali.<\/li>\n<li>Ra\u021bia este perfect echilibrat\u0103, satisf\u0103c\u00e2nd pe deplin nevoile nutri\u021bionale \u0219i energetice ale pisicii dup\u0103 castrare sau sterilizare.<\/li>\n<li>Poate fi utilizat\u0103 ca aliment complet sau pentru diversificarea ra\u021biei principale.<\/li>\n<li>Carnea de curcan con\u021bine pu\u021bine gr\u0103simi \u0219i multe proteine u\u0219or digerabile, asigur\u00e2nd rapid senza\u021bia de sa\u021bietate. Este bogat\u0103 \u00een vitaminele B, A, E, K \u0219i minerale precum magneziu, calciu, fosfor etc.<\/li>\n<li>Morcovul este o surs\u0103 excelent\u0103 de vitamine \u0219i fibre, care sus\u021bin imunitatea \u0219i normalizeaz\u0103 digestia.<\/li>\n<li>\u00cembog\u0103\u021bit cu biotin\u0103, zinc \u0219i vitamina E \u2013 care refac bariera protectoare a pielii, reduc c\u0103derea p\u0103rului, redau bl\u0103nii str\u0103lucirea s\u0103n\u0103toas\u0103 \u0219i intensific\u0103 culoarea.<\/li>\n<li>Aminoacidul taurin\u0103, esen\u021bial pentru pisici, nu este produs de organism \u0219i trebuie s\u0103 fie asimilat din hran\u0103 \u2013 acesta asigur\u0103 s\u0103n\u0103tatea vederii \u0219i a mu\u0219chiului cardiac.<\/li>\n<li>Textura fin\u0103 face hrana potrivit\u0103 pentru animalele mofturoase \u0219i pisicile senior.<\/li>\n<li>Poate fi utilizat\u0103 ca ra\u021bie principal\u0103 pentru pisoi castra\u021bi sau steriliza\u021bi.<\/li>\n<li>Con\u021binutul ridicat de umiditate ajut\u0103 la men\u021binerea echilibrului hidric \u0219i la prevenirea bolilor tractului urinar.<\/li>\n<li>Nu con\u021bine coloran\u021bi \u0219i arome artificiale.<\/li>\n<\/ul>\n<p><strong>Compozi\u021bie:<\/strong> Carne \u0219i produse de origine animal\u0103 (82% \u00een buc\u0103\u021bi, din care 4% curcan), legume (1% morcov deshidratat, echivalent a 4% morcov), produse de origine vegetal\u0103, extract proteic vegetal, minerale, zaharuri.<\/p>\n<p><strong>Aditivi\/kg:<\/strong> Vitamina D3 300 UI, vitamina E 100 mg, taurin\u0103 1000 mg, zinc 10 mg, mangan 2 mg, iod 0,7 mg, cupru 2 mg, fier 2 mg, biotin\u0103 100 \u03bcg.<br \/>\n<strong>Aditivi tehnologici:<\/strong> gum\u0103 de cassia 1780 mg.<\/p>\n<p><strong>Instruc\u021biuni de hr\u0103nire:<\/strong><\/p>\n<ul>\n<li>Respecta\u021bi normele de hr\u0103nire recomandate, dar \u021bine\u021bi cont \u0219i de nevoile individuale ale pisicii. Ra\u021bia zilnic\u0103 poate varia cu aprox. 20% \u00een func\u021bie de activitate, metabolism \u0219i temperatura mediului.<\/li>\n<li>Servi\u021bi hrana la temperatura camerei.<\/li>\n<li>La schimbarea tipului de hran\u0103, face\u021bi tranzi\u021bia treptat timp de cca. 5 zile.<\/li>\n<li>Asigura\u021bi acces permanent la ap\u0103 proasp\u0103t\u0103.<\/li>\n<li>P\u0103stra\u021bi \u00eentr-un loc uscat \u0219i r\u0103coros. Dup\u0103 deschidere, p\u0103stra\u021bi la frigider \u0219i consuma\u021bi \u00een termen de 2 zile.<\/li>\n<\/ul>\n<p>&nbsp;<\/p>\n<hr \/>\n<table border=\"1\" cellspacing=\"0\" cellpadding=\"5\">\n<tbody>\n<tr>\n<th style=\"text-align: center;\">Component<\/th>\n<th style=\"text-align: center;\">Con\u021binut<\/th>\n<\/tr>\n<tr>\n<td style=\"text-align: center;\">proteine<\/td>\n<td style=\"text-align: center;\">9%<\/td>\n<\/tr>\n<tr>\n<td style=\"text-align: center;\">gr\u0103simi<\/td>\n<td style=\"text-align: center;\">3%<\/td>\n<\/tr>\n<tr>\n<td style=\"text-align: center;\">cenu\u0219\u0103<\/td>\n<td style=\"text-align: center;\">2,1%<\/td>\n<\/tr>\n<tr>\n<td style=\"text-align: center;\">fibre<\/td>\n<td style=\"text-align: center;\">0,3%<\/td>\n<\/tr>\n<tr>\n<td style=\"text-align: center;\">umiditate<\/td>\n<td style=\"text-align: center;\">83%<\/td>\n<\/tr>\n<tr>\n<td style=\"text-align: center;\">valoare energetic\u0103<\/td>\n<td style=\"text-align: center;\">72 kcal\/100g<\/td>\n<\/tr>\n<tr>\n<td style=\"text-align: center;\">vitamina D3<\/td>\n<td style=\"text-align: center;\">300 UI<\/td>\n<\/tr>\n<tr>\n<td style=\"text-align: center;\">vitamina E<\/td>\n<td style=\"text-align: center;\">100 mg<\/td>\n<\/tr>\n<\/tbody>\n<\/table>\n<hr \/>\n<table border=\"1\" cellspacing=\"0\" cellpadding=\"5\">\n<tbody>\n<tr>\n<th style=\"text-align: center;\">Greutatea pisicii, kg<\/th>\n<th style=\"text-align: center;\">Ra\u021bia zilnic\u0103, grame\/zi<\/th>\n<\/tr>\n<tr>\n<td style=\"text-align: center;\">2 &#8211; 4<\/td>\n<td style=\"text-align: center;\">170 &#8211; 255<\/td>\n<\/tr>\n<tr>\n<td style=\"text-align: center;\">4 &#8211; 6<\/td>\n<td style=\"text-align: center;\">255 &#8211; 340<\/td>\n<\/tr>\n<\/tbody>\n<\/table>\n","protected":false},"excerpt":{"rendered":"<p>SAVORY hran\u0103 umed\u0103 pentru pisici Sterilised Turkey and Carrot \u2013 aliment complet \u0219i echilibrat sub form\u0103 de buc\u0103\u021bi de curcan \u0219i morcov \u00een jeleu delicat, destinat pisicilor adulte \u0219i pisoilor dup\u0103 castrare \u0219i sterilizare.<\/p>\n","protected":false},"featured_media":40363,"comment_status":"open","ping_status":"closed","template":"","meta":{"_acf_changed":false},"product_brand":[],"product_cat":[172,169,1821],"product_tag":[],"class_list":{"0":"post-41078","1":"product","2":"type-product","3":"status-publish","4":"has-post-thumbnail","6":"product_cat-pisici-hrana-umeda","7":"product_cat-pisici","8":"product_cat-savory-ro","9":"pa_brand-savory-ro","10":"pa_ingredients-turkey-ro","11":"pa_pet-age-adult-ro","12":"pa_weight-85g-ro","14":"first","15":"instock","16":"shipping-taxable","17":"purchasable","18":"product-type-simple"},"acf":{"barcode":"","in_stock_sp":false},"_links":{"self":[{"href":"https:\/\/pet-house.md\/ro\/wp-json\/wp\/v2\/product\/41078","targetHints":{"allow":["GET"]}}],"collection":[{"href":"https:\/\/pet-house.md\/ro\/wp-json\/wp\/v2\/product"}],"about":[{"href":"https:\/\/pet-house.md\/ro\/wp-json\/wp\/v2\/types\/product"}],"replies":[{"embeddable":true,"href":"https:\/\/pet-house.md\/ro\/wp-json\/wp\/v2\/comments?post=41078"}],"wp:featuredmedia":[{"embeddable":true,"href":"https:\/\/pet-house.md\/ro\/wp-json\/wp\/v2\/media\/40363"}],"wp:attachment":[{"href":"https:\/\/pet-house.md\/ro\/wp-json\/wp\/v2\/media?parent=41078"}],"wp:term":[{"taxonomy":"product_brand","embeddable":true,"href":"https:\/\/pet-house.md\/ro\/wp-json\/wp\/v2\/product_brand?post=41078"},{"taxonomy":"product_cat","embeddable":true,"href":"https:\/\/pet-house.md\/ro\/wp-json\/wp\/v2\/product_cat?post=41078"},{"taxonomy":"product_tag","embeddable":true,"href":"https:\/\/pet-house.md\/ro\/wp-json\/wp\/v2\/product_tag?post=41078"}],"curies":[{"name":"wp","href":"https:\/\/api.w.org\/{rel}","templated":true}]}}