{"id":41081,"date":"2025-07-29T11:14:17","date_gmt":"2025-07-29T09:14:17","guid":{"rendered":"https:\/\/pet-house.md\/shop\/savory-%d0%b2%d0%bb%d0%b0%d0%b6%d0%bd%d1%8b%d0%b9-%d0%ba%d0%be%d1%80%d0%bc-%d0%b4%d0%bb%d1%8f-%d0%ba%d0%be%d1%82%d1%8f%d1%82-salmon-and-carrot-%d1%81-%d0%bb%d0%be%d1%81%d0%be%d1%81%d0%b5%d0%bc-%d0%b8\/"},"modified":"2025-08-27T19:22:59","modified_gmt":"2025-08-27T17:22:59","slug":"savory-hrana-umeda-pentru-pisoi-salmon-and-carrot-cu-somon","status":"publish","type":"product","link":"https:\/\/pet-house.md\/ro\/shop\/savory-hrana-umeda-pentru-pisoi-salmon-and-carrot-cu-somon\/","title":{"rendered":"SAVORY hran\u0103 umed\u0103 pentru pisoi Salmon and Carrot &#8211; cu somon \u0219i morcov \u00een sos 85g"},"content":{"rendered":"<div class=\"z2-card-info-contain\">\n<div class=\"z2-card-info-contain-wrapper\">\n<div class=\"z2-card-info-contain-table\">\n<div class=\"z2-card-info-contain-title\">\n<div class=\"z2-card-info-contain-title\">\n<div class=\"ph-new-product-info-box-general-header\">\n<div class=\"z2-card-info-usage-text\">\n<div id=\"ph-new-prod-usage-block\" class=\"ph-new-product-info-box-general-table\">\n<div class=\"ph-new-product-usage\">\n<p data-start=\"190\" data-end=\"511\"><strong>SAVORY<\/strong> hran\u0103 umed\u0103 pentru pisoi <strong>Salmon and Carrot<\/strong> este o hran\u0103 complet\u0103 \u0219i echilibrat\u0103, sub form\u0103 de buc\u0103\u021bi fragede cu somon \u0219i morcov \u00een sos aromat, destinat\u0103 pisoilor cu v\u00e2rsta \u00eentre 1 \u0219i 12 luni. Combina\u021bia gustoas\u0103 \u0219i s\u0103n\u0103toas\u0103 de ingrediente contribuie la cre\u0219terea \u0219i dezvoltarea armonioas\u0103 a micu\u021bului companion.<\/p>\n<ul>\n<li data-start=\"515\" data-end=\"687\">Preparat\u0103 din ingrediente naturale de \u00eenalt\u0103 calitate, al c\u0103ror gust \u0219i arom\u0103 ini\u021bial\u0103 se p\u0103streaz\u0103 datorit\u0103 tehnologiilor moderne de produc\u021bie \u0219i conservan\u021bilor naturali<\/li>\n<li data-start=\"690\" data-end=\"828\">Re\u021bet\u0103 echilibrat\u0103, care acoper\u0103 complet necesarul de energie \u0219i substan\u021be nutritive pentru dezvoltarea normal\u0103 \u0219i s\u0103n\u0103toas\u0103 a pisoiului<\/li>\n<li data-start=\"831\" data-end=\"910\">Poate fi utilizat\u0103 ca hran\u0103 complet\u0103 sau pentru diversificarea ra\u021biei zilnice<\/li>\n<li data-start=\"913\" data-end=\"1123\">Somonul este bogat \u00een proteine u\u0219or digerabile, dar \u0219i \u00een acizi gra\u0219i nesatura\u021bi Omega-3, ce au un efect benefic asupra activit\u0103\u021bii cerebrale a pisoiului, s\u0103n\u0103t\u0103\u021bii sistemului cardiovascular, pielii \u0219i bl\u0103nii<\/li>\n<li data-start=\"1126\" data-end=\"1231\">Morcovul este o surs\u0103 excelent\u0103 de vitamine \u0219i fibre, care sprijin\u0103 imunitatea \u0219i normalizeaz\u0103 digestia<\/li>\n<li data-start=\"1234\" data-end=\"1393\">\u00cembog\u0103\u021bit\u0103 cu biotin\u0103, zinc \u0219i vitamina E \u2013 ce refac bariera protectoare a pielii, reduc c\u0103derea p\u0103rului, redau luciul s\u0103n\u0103tos \u0219i intensific\u0103 culoarea bl\u0103nii<\/li>\n<li data-start=\"1396\" data-end=\"1556\">Taurina, aminoacid esen\u021bial care nu este produs \u00een organismul pisicii, trebuie furnizat\u0103 prin alimenta\u021bie \u0219i asigur\u0103 s\u0103n\u0103tatea ochilor \u0219i a mu\u0219chiului cardiac<\/li>\n<li data-start=\"1559\" data-end=\"1627\">Textura fin\u0103 face hrana atractiv\u0103 pentru pisoi \u0219i u\u0219or de consumat<\/li>\n<li data-start=\"1630\" data-end=\"1783\">Con\u021binutul ridicat de umiditate ajut\u0103 la men\u021binerea echilibrului hidric, prevenind concentrarea urinei \u0219i reduc\u00e2nd riscul afec\u021biunilor tractului urinar<\/li>\n<li data-start=\"1786\" data-end=\"1830\">Nu con\u021bine coloran\u021bi sau arome artificiale<\/li>\n<\/ul>\n<p data-start=\"1832\" data-end=\"2090\"><strong data-start=\"1832\" data-end=\"1847\">Compozi\u021bie:<\/strong> Carne \u0219i produse de origine animal\u0103 (74% \u00een buc\u0103\u021bi), pe\u0219te \u0219i produse derivate din pe\u0219te (inclusiv 4% somon), legume (1% morcov deshidratat, echivalent cu 4% morcov), produse de origine vegetal\u0103, extract proteic vegetal, minerale, zaharuri.<\/p>\n<p data-start=\"2092\" data-end=\"2241\"><strong data-start=\"2092\" data-end=\"2107\">Aditivi\/kg:<\/strong> Vitamina D3 300 UI, vitamina E 100 mg, taurin\u0103 1000 mg, zinc 10 mg, mangan 2 mg, iod 0,7 mg, cupru 2 mg, fier 2 mg, biotin\u0103 100 mkg.<\/p>\n<\/div>\n<\/div>\n<\/div>\n<\/div>\n<\/div>\n<\/div>\n<\/div>\n<\/div>\n<p data-start=\"57\" data-end=\"79\"><strong>Norme de hr\u0103nire:<\/strong><\/p>\n<p data-start=\"81\" data-end=\"336\">Respecta\u021bi normele de hr\u0103nire recomandate, dar \u021bine\u021bi \u00eentotdeauna cont de nevoile individuale ale organismului pisicii. Ratia zilnic\u0103 poate varia (aproximativ 20%) \u00een func\u021bie de nivelul de activitate al companionului, metabolism \u0219i temperatura mediului.<\/p>\n<ul>\n<li data-start=\"340\" data-end=\"388\">Oferi\u021bi hrana doar la temperatura camerei.<\/li>\n<li data-start=\"391\" data-end=\"706\">La trecerea de la un tip de hran\u0103 la altul, acest proces trebuie f\u0103cut treptat, pentru ca organismul animalului s\u0103 se poat\u0103 adapta la noua diet\u0103. \u00cen medie, perioada de tranzi\u021bie dureaz\u0103 aproximativ 5 zile, \u00eencep\u00e2nd cu ad\u0103ugarea unei cantit\u0103\u021bi mici din noua hran\u0103 \u00een cea obi\u0219nuit\u0103, p\u00e2n\u0103 la \u00eenlocuirea complet\u0103.<\/li>\n<li data-start=\"709\" data-end=\"781\">Asigura\u021bi-v\u0103 c\u0103 pisica are acces permanent la ap\u0103 potabil\u0103 curat\u0103.<\/li>\n<li data-start=\"784\" data-end=\"908\">P\u0103stra\u021bi hrana \u00eentr-un loc uscat \u0219i r\u0103coros. Dup\u0103 deschidere, depozita\u021bi la frigider \u0219i consuma\u021bi \u00een decurs de 2 zile.<\/li>\n<\/ul>\n<div class=\"z2-card-info-contain-wrapper\">\n<div class=\"z2-card-info-contain-table\">\n<div class=\"z2-card-info-contain-title\">\n<div class=\"z2-card-info-contain-title\">\n<div class=\"ph-new-product-info-box-general-header\">\n<div class=\"z2-card-info-usage-text\">\n<div id=\"ph-new-prod-usage-block\" class=\"ph-new-product-info-box-general-table\">\n<div class=\"ph-new-product-usage\">\n<p data-start=\"2092\" data-end=\"2241\">\n<\/div>\n<\/div>\n<\/div>\n<\/div>\n<\/div>\n<div class=\"z2-card-info-usage-text\">\n<div id=\"ph-new-prod-usage-block\" class=\"ph-new-product-info-box-general-table\">\n<div class=\"ph-new-product-usage\">\n<div class=\"z2-card-info-contain-title\">\n<hr \/>\n<table border=\"1\" cellspacing=\"0\" cellpadding=\"5\">\n<tbody>\n<tr>\n<th style=\"text-align: center;\">Component<\/th>\n<th style=\"text-align: center;\">Con\u021binut<\/th>\n<\/tr>\n<tr>\n<td style=\"text-align: center;\">proteine<\/td>\n<td style=\"text-align: center;\">9%<\/td>\n<\/tr>\n<tr>\n<td style=\"text-align: center;\">gr\u0103simi<\/td>\n<td style=\"text-align: center;\">5%<\/td>\n<\/tr>\n<tr>\n<td style=\"text-align: center;\">cenu\u0219\u0103<\/td>\n<td style=\"text-align: center;\">2,1%<\/td>\n<\/tr>\n<tr>\n<td style=\"text-align: center;\">fibre<\/td>\n<td style=\"text-align: center;\">0,3%<\/td>\n<\/tr>\n<tr>\n<td style=\"text-align: center;\">umiditate<\/td>\n<td style=\"text-align: center;\">83%<\/td>\n<\/tr>\n<tr>\n<td style=\"text-align: center;\">valoare energetic\u0103<\/td>\n<td style=\"text-align: center;\">81 kcal\/100g<\/td>\n<\/tr>\n<tr>\n<td style=\"text-align: center;\">vitamina D3<\/td>\n<td style=\"text-align: center;\">300 UI<\/td>\n<\/tr>\n<tr>\n<td style=\"text-align: center;\">vitamina E<\/td>\n<td style=\"text-align: center;\">100 mg<\/td>\n<\/tr>\n<\/tbody>\n<\/table>\n<hr \/>\n<table border=\"1\" cellspacing=\"0\" cellpadding=\"5\">\n<tbody>\n<tr>\n<th style=\"text-align: center;\">V\u00e2rsta pisoia\u0219ului, luni<\/th>\n<th style=\"text-align: center;\">Ra\u021bia zilnic\u0103, g\/zi<\/th>\n<\/tr>\n<tr>\n<td style=\"text-align: center;\">3<\/td>\n<td style=\"text-align: center;\">85 &#8211; 170<\/td>\n<\/tr>\n<tr>\n<td style=\"text-align: center;\">4 &#8211; 5<\/td>\n<td style=\"text-align: center;\">170 &#8211; 255<\/td>\n<\/tr>\n<tr>\n<td style=\"text-align: center;\">6 &#8211; 12<\/td>\n<td style=\"text-align: center;\">255 &#8211; 300<\/td>\n<\/tr>\n<\/tbody>\n<\/table>\n<\/div>\n<\/div>\n<\/div>\n<\/div>\n<\/div>\n<\/div>\n<\/div>\n<\/div>\n","protected":false},"excerpt":{"rendered":"<p>SAVORY hran\u0103 umed\u0103 pentru pisoi Salmon and Carrot este o hran\u0103 complet\u0103 \u0219i echilibrat\u0103, sub form\u0103 de buc\u0103\u021bi fragede cu somon \u0219i morcov \u00een sos aromat, destinat\u0103 pisoilor cu v\u00e2rsta \u00eentre 1 \u0219i 12 luni.<\/p>\n","protected":false},"featured_media":40360,"comment_status":"open","ping_status":"closed","template":"","meta":{"_acf_changed":false},"product_brand":[],"product_cat":[172,169,1821],"product_tag":[],"class_list":{"0":"post-41081","1":"product","2":"type-product","3":"status-publish","4":"has-post-thumbnail","6":"product_cat-pisici-hrana-umeda","7":"product_cat-pisici","8":"product_cat-savory-ro","9":"pa_brand-savory-ro","10":"pa_ingredients-salmon-ro","11":"pa_pet-age-kittens-ro","12":"pa_weight-85g-ro","14":"first","15":"instock","16":"shipping-taxable","17":"purchasable","18":"product-type-simple"},"acf":{"barcode":"","in_stock_sp":false},"_links":{"self":[{"href":"https:\/\/pet-house.md\/ro\/wp-json\/wp\/v2\/product\/41081","targetHints":{"allow":["GET"]}}],"collection":[{"href":"https:\/\/pet-house.md\/ro\/wp-json\/wp\/v2\/product"}],"about":[{"href":"https:\/\/pet-house.md\/ro\/wp-json\/wp\/v2\/types\/product"}],"replies":[{"embeddable":true,"href":"https:\/\/pet-house.md\/ro\/wp-json\/wp\/v2\/comments?post=41081"}],"wp:featuredmedia":[{"embeddable":true,"href":"https:\/\/pet-house.md\/ro\/wp-json\/wp\/v2\/media\/40360"}],"wp:attachment":[{"href":"https:\/\/pet-house.md\/ro\/wp-json\/wp\/v2\/media?parent=41081"}],"wp:term":[{"taxonomy":"product_brand","embeddable":true,"href":"https:\/\/pet-house.md\/ro\/wp-json\/wp\/v2\/product_brand?post=41081"},{"taxonomy":"product_cat","embeddable":true,"href":"https:\/\/pet-house.md\/ro\/wp-json\/wp\/v2\/product_cat?post=41081"},{"taxonomy":"product_tag","embeddable":true,"href":"https:\/\/pet-house.md\/ro\/wp-json\/wp\/v2\/product_tag?post=41081"}],"curies":[{"name":"wp","href":"https:\/\/api.w.org\/{rel}","templated":true}]}}