{"id":41089,"date":"2025-07-29T10:37:48","date_gmt":"2025-07-29T08:37:48","guid":{"rendered":"https:\/\/pet-house.md\/shop\/savory-%d0%b2%d0%bb%d0%b0%d0%b6%d0%bd%d1%8b%d0%b9-%d0%ba%d0%be%d1%80%d0%bc-%d0%b4%d0%bb%d1%8f-%d0%ba%d0%be%d1%88%d0%b5%d0%ba-salmon-and-peas-in-gravy-%d1%81-%d0%bb%d0%be%d1%81%d0%be%d1%81%d0%b5%d0%bc\/"},"modified":"2025-08-27T20:52:22","modified_gmt":"2025-08-27T18:52:22","slug":"savory-hrana-umeda-pentru-pisici-salmon-and-peas-in-gravy-cu-somon","status":"publish","type":"product","link":"https:\/\/pet-house.md\/ro\/shop\/savory-hrana-umeda-pentru-pisici-salmon-and-peas-in-gravy-cu-somon\/","title":{"rendered":"SAVORY hran\u0103 umed\u0103 pentru pisici Salmon and Peas in gravy &#8211; cu somon \u0219i maz\u0103re \u00een sos 85g"},"content":{"rendered":"<p><strong>SAVORY <\/strong>hran\u0103 umed\u0103 pentru pisici<strong> Salmon and Peas in gravy<\/strong> &#8211; hran\u0103 complet\u0103 \u0219i echilibrat\u0103 sub form\u0103 de buc\u0103\u021bi cu somon \u0219i maz\u0103re \u00een sos aromat pentru pisici adulte. Ingrediente apetisante \u0219i hr\u0103nitoare contribuie la satisfacerea necesit\u0103\u021bilor zilnice de nutrien\u021bi \u0219i energie ale companionului.<\/p>\n<ul>\n<li>Sunt folosite ingrediente naturale de \u00eenalt\u0103 calitate, al c\u0103ror gust \u0219i arom\u0103 ini\u021biale se p\u0103streaz\u0103 datorit\u0103 tehnologiilor moderne de produc\u021bie \u0219i conservan\u021bilor naturali.<\/li>\n<li>Ra\u021bia este excelent echilibrat\u0103, satisf\u0103c\u00e2nd complet necesarul zilnic al organismului pisicii adulte \u00een substan\u021be nutritive.<\/li>\n<li>Poate fi utilizat\u0103 ca hran\u0103 complet\u0103 sau pentru diversificarea dietei principale a companionului.<\/li>\n<li>Somonul este bogat \u00een proteine u\u0219or digerabile, precum \u0219i \u00een acizi gra\u0219i nesatura\u021bi Omega-3, care influen\u021beaz\u0103 pozitiv articula\u021biile, sistemul cardiovascular \u0219i \u00eembun\u0103t\u0103\u021besc s\u0103n\u0103tatea pielii \u0219i a bl\u0103nii.<\/li>\n<li>Maz\u0103rea este o surs\u0103 excelent\u0103 de fibre, vitamine \u0219i antioxidan\u021bi, care contribuie la buna func\u021bionare a intestinului \u0219i la \u00eent\u0103rirea imunit\u0103\u021bii.<\/li>\n<li>\u00cembog\u0103\u021bit\u0103 cu biotin\u0103, zinc \u0219i vitamina E, care refac stratul protector al pielii, reduc c\u0103derea p\u0103rului, redau bl\u0103nii un luciu s\u0103n\u0103tos \u0219i intensific\u0103 culoarea acesteia.<\/li>\n<li>Aminoacidul taurin\u0103 nu este produs \u00een mod natural de organismul pisicilor \u0219i trebuie s\u0103 fie furnizat prin hran\u0103, deoarece asigur\u0103 s\u0103n\u0103tatea ochilor \u0219i a mu\u0219chiului cardiac.<\/li>\n<li>Hrana are o textur\u0103 fin\u0103, fiind astfel ideal\u0103 pentru animalele mofturoase \u0219i pisicile \u00een v\u00e2rst\u0103.<\/li>\n<li>Con\u021binutul ridicat de umiditate ajut\u0103 companionul s\u0103 men\u021bin\u0103 echilibrul hidric, prevenind cre\u0219terea concentra\u021biei urinei \u0219i reduc\u00e2nd riscul apari\u021biei bolilor tractului urinar.<\/li>\n<li>Nu con\u021bine coloran\u021bi sau arome artificiale.<\/li>\n<\/ul>\n<p><strong>Compozi\u021bie:<\/strong> Carne \u0219i produse de origine animal\u0103 (74% \u00een buc\u0103\u021bi), pe\u0219te \u0219i produse din pe\u0219te (inclusiv 4% somon), legume (1% maz\u0103re deshidratat\u0103, echivalent cu 4% maz\u0103re), produse de origine vegetal\u0103, extract de proteine vegetale, minerale, zaharuri.<\/p>\n<p><strong>Aditivi per 1 kg:<\/strong> vitamina D3 300 UI, vitamina E 100 mg, taurin\u0103 1000 mg, zinc 10 mg, mangan 2 mg, iod 0,7 mg, cupru 2 mg, fier 2 mg, biotin\u0103 100 \u00b5g.<\/p>\n<h3>Recomand\u0103ri de hr\u0103nire<\/h3>\n<ul>\n<li>Respecta\u021bi normele de hr\u0103nire recomandate, dar \u021bine\u021bi \u00eentotdeauna cont de necesit\u0103\u021bile individuale ale pisicii. Ra\u021bia zilnic\u0103 poate varia (aprox. 20%) \u00een func\u021bie de activitate, metabolism \u0219i temperatura mediului.<\/li>\n<li>Oferi\u021bi hrana numai la temperatura camerei.<\/li>\n<li>Trecerea de la un tip de hran\u0103 la altul trebuie f\u0103cut\u0103 treptat, pentru a permite organismului animalului s\u0103 se adapteze la noua ra\u021bie. \u00cen medie, tranzi\u021bia dureaz\u0103 aproximativ 5 zile, \u00eencep\u00e2nd cu o cantitate mic\u0103 ad\u0103ugat\u0103 la hrana obi\u0219nuit\u0103 \u0219i ajung\u00e2nd la \u00eenlocuirea complet\u0103.<\/li>\n<li>Asigura\u021bi-v\u0103 c\u0103 pisica are mereu acces la ap\u0103 potabil\u0103 curat\u0103.<\/li>\n<li>P\u0103stra\u021bi produsul \u00eentr-un loc uscat \u0219i r\u0103coros. Dup\u0103 deschidere, p\u0103stra\u021bi la frigider \u0219i consuma\u021bi \u00een termen de 2 zile.<\/li>\n<\/ul>\n<hr \/>\n<table border=\"1\" cellspacing=\"0\" cellpadding=\"5\">\n<tbody>\n<tr>\n<th style=\"text-align: center;\">Component<\/th>\n<th style=\"text-align: center;\">Con\u021binut<\/th>\n<\/tr>\n<tr>\n<td style=\"text-align: center;\">proteine<\/td>\n<td style=\"text-align: center;\">9%<\/td>\n<\/tr>\n<tr>\n<td style=\"text-align: center;\">gr\u0103simi<\/td>\n<td style=\"text-align: center;\">3,5%<\/td>\n<\/tr>\n<tr>\n<td style=\"text-align: center;\">cenu\u0219\u0103<\/td>\n<td style=\"text-align: center;\">2,1%<\/td>\n<\/tr>\n<tr>\n<td style=\"text-align: center;\">fibre<\/td>\n<td style=\"text-align: center;\">0,3%<\/td>\n<\/tr>\n<tr>\n<td style=\"text-align: center;\">umiditate<\/td>\n<td style=\"text-align: center;\">83%<\/td>\n<\/tr>\n<tr>\n<td style=\"text-align: center;\">valoare energetic\u0103<\/td>\n<td style=\"text-align: center;\">74 kcal\/100g<\/td>\n<\/tr>\n<tr>\n<td style=\"text-align: center;\">vitamina D3<\/td>\n<td style=\"text-align: center;\">300 UI<\/td>\n<\/tr>\n<tr>\n<td style=\"text-align: center;\">vitamina E<\/td>\n<td style=\"text-align: center;\">100 mg<\/td>\n<\/tr>\n<\/tbody>\n<\/table>\n<hr \/>\n<table border=\"1\" cellspacing=\"0\" cellpadding=\"5\">\n<tbody>\n<tr>\n<th style=\"text-align: center;\">Greutatea pisicii, kg<\/th>\n<th style=\"text-align: center;\">Ra\u021bia zilnic\u0103, grame\/zi<\/th>\n<\/tr>\n<tr>\n<td style=\"text-align: center;\">2 &#8211; 4<\/td>\n<td style=\"text-align: center;\">170 &#8211; 255<\/td>\n<\/tr>\n<tr>\n<td style=\"text-align: center;\">4 &#8211; 6<\/td>\n<td style=\"text-align: center;\">255 &#8211; 340<\/td>\n<\/tr>\n<\/tbody>\n<\/table>\n","protected":false},"excerpt":{"rendered":"<p>SAVORY hran\u0103 umed\u0103 pentru pisici Salmon and Peas in gravy &#8211; hran\u0103 complet\u0103 \u0219i echilibrat\u0103 sub form\u0103 de buc\u0103\u021bi cu somon \u0219i maz\u0103re \u00een sos aromat pentru pisici adulte.<\/p>\n","protected":false},"featured_media":40352,"comment_status":"open","ping_status":"closed","template":"","meta":{"_acf_changed":false},"product_brand":[],"product_cat":[172,169,1821],"product_tag":[],"class_list":{"0":"post-41089","1":"product","2":"type-product","3":"status-publish","4":"has-post-thumbnail","6":"product_cat-pisici-hrana-umeda","7":"product_cat-pisici","8":"product_cat-savory-ro","9":"pa_brand-savory-ro","10":"pa_ingredients-salmon-ro","11":"pa_pet-age-adult-ro","12":"pa_weight-85g-ro","14":"first","15":"instock","16":"shipping-taxable","17":"purchasable","18":"product-type-simple"},"acf":{"barcode":"","in_stock_sp":false},"_links":{"self":[{"href":"https:\/\/pet-house.md\/ro\/wp-json\/wp\/v2\/product\/41089","targetHints":{"allow":["GET"]}}],"collection":[{"href":"https:\/\/pet-house.md\/ro\/wp-json\/wp\/v2\/product"}],"about":[{"href":"https:\/\/pet-house.md\/ro\/wp-json\/wp\/v2\/types\/product"}],"replies":[{"embeddable":true,"href":"https:\/\/pet-house.md\/ro\/wp-json\/wp\/v2\/comments?post=41089"}],"wp:featuredmedia":[{"embeddable":true,"href":"https:\/\/pet-house.md\/ro\/wp-json\/wp\/v2\/media\/40352"}],"wp:attachment":[{"href":"https:\/\/pet-house.md\/ro\/wp-json\/wp\/v2\/media?parent=41089"}],"wp:term":[{"taxonomy":"product_brand","embeddable":true,"href":"https:\/\/pet-house.md\/ro\/wp-json\/wp\/v2\/product_brand?post=41089"},{"taxonomy":"product_cat","embeddable":true,"href":"https:\/\/pet-house.md\/ro\/wp-json\/wp\/v2\/product_cat?post=41089"},{"taxonomy":"product_tag","embeddable":true,"href":"https:\/\/pet-house.md\/ro\/wp-json\/wp\/v2\/product_tag?post=41089"}],"curies":[{"name":"wp","href":"https:\/\/api.w.org\/{rel}","templated":true}]}}