{"id":41091,"date":"2025-07-29T10:30:32","date_gmt":"2025-07-29T08:30:32","guid":{"rendered":"https:\/\/pet-house.md\/shop\/savory-%d0%b2%d0%bb%d0%b0%d0%b6%d0%bd%d1%8b%d0%b9-%d0%ba%d0%be%d1%80%d0%bc-%d0%b4%d0%bb%d1%8f-%d0%ba%d0%be%d1%88%d0%b5%d0%ba-lamb-and-beetroot-in-gravy-%d1%81-%d1%8f%d0%b3%d0%bd%d0%b5%d0%bd%d0%ba\/"},"modified":"2025-08-27T21:23:06","modified_gmt":"2025-08-27T19:23:06","slug":"savory-hrana-umeda-pentru-pisici-lamb-and-beetroot-in-gravy-cu-miel","status":"publish","type":"product","link":"https:\/\/pet-house.md\/ro\/shop\/savory-hrana-umeda-pentru-pisici-lamb-and-beetroot-in-gravy-cu-miel\/","title":{"rendered":"SAVORY hran\u0103 umed\u0103 pentru pisici Lamb and Beetroot in gravy &#8211; cu miel \u0219i sfecl\u0103 \u00een sos 85g"},"content":{"rendered":"<p><strong>SAVORY<\/strong> hran\u0103 umed\u0103 pentru pisici <b>Lamb and Beetroot in gravy<\/b> \u2013 hran\u0103 complet\u0103 \u0219i echilibrat\u0103 sub form\u0103 de buc\u0103\u021bele cu miel \u0219i sfecl\u0103 \u00een sos aromat pentru pisicile adulte. Ingrediente gustoase \u0219i hr\u0103nitoare contribuie la satisfacerea necesarului zilnic de nutrien\u021bi \u0219i energie al companionului dumneavoastr\u0103.<\/p>\n<ul>\n<li>Preparat\u0103 din ingrediente naturale de \u00eenalt\u0103 calitate, al c\u0103ror gust \u0219i arom\u0103 ini\u021bial\u0103 se p\u0103streaz\u0103 datorit\u0103 tehnologiilor moderne de produc\u021bie \u0219i conservan\u021bilor naturali.<\/li>\n<li>Re\u021beta este echilibrat\u0103 \u0219i acoper\u0103 complet necesarul zilnic de substan\u021be nutritive al pisicii adulte.<\/li>\n<li>Poate fi folosit\u0103 ca aliment complet sau pentru diversificarea dietei principale a companionului.<\/li>\n<li>Carnea de miel se remarc\u0103 prin calit\u0103\u021bile gustative excelente, con\u021binutul bogat de proteine u\u0219or digerabile, hipoalergenice \u0219i dietetice, precum \u0219i prin aportul de numeroase microelemente \u0219i vitamine.<\/li>\n<li>Sfecla contribuie la \u00eembun\u0103t\u0103\u021birea digestiei, stimuleaz\u0103 procesele de formare a s\u00e2ngelui, \u00eent\u0103re\u0219te imunitatea \u0219i sistemul cardiovascular datorit\u0103 con\u021binutului ridicat de fibre, vitamine \u0219i minerale, \u00een special potasiu, mangan \u0219i vitamina C.<\/li>\n<li>\u00cembog\u0103\u021bit\u0103 cu biotin\u0103, zinc \u0219i vitamina E, care refac bariera protectoare a pielii, reduc c\u0103derea p\u0103rului, redau bl\u0103nii str\u0103lucirea s\u0103n\u0103toas\u0103 \u0219i intensific\u0103 culoarea acesteia.<\/li>\n<li>Aminoacidul taurin\u0103 nu este produs de organismul pisicilor \u0219i trebuie furnizat prin alimenta\u021bie, deoarece contribuie la s\u0103n\u0103tatea ochilor \u0219i a mu\u0219chiului cardiac.<\/li>\n<li>Textura fin\u0103 o face ideal\u0103 pentru pisicile mofturoase \u0219i seniori.<\/li>\n<li>Umiditatea ridicat\u0103 a ra\u021biei ajut\u0103 la men\u021binerea echilibrului hidric, prevenind concentrarea urinei \u0219i reduc\u00e2nd riscul apari\u021biei bolilor tractului urinar.<\/li>\n<li>Nu con\u021bine coloran\u021bi \u0219i arome artificiale.<\/li>\n<\/ul>\n<p><b>Compozi\u021bie:<\/b> Carne \u0219i produse de origine animal\u0103 (85% \u00een buc\u0103\u021bi, inclusiv 4% miel), legume (1% sfecl\u0103 deshidratat\u0103, echivalent cu 4% sfecl\u0103), produse de origine vegetal\u0103, extract de protein\u0103 vegetal\u0103, minerale, zaharuri.<\/p>\n<p><b>Aditivi\/kg:<\/b> Vitamina D3 300 UI, Vitamina E 100 mg, taurin\u0103 1000 mg, zinc 10 mg, mangan 2 mg, iod 0,7 mg, cupru 2 mg, fier 2 mg, biotin\u0103 100 \u00b5g.<\/p>\n<div><\/div>\n<table border=\"1\" cellspacing=\"0\" cellpadding=\"5\">\n<tbody>\n<tr>\n<th style=\"text-align: center;\">Component<\/th>\n<th style=\"text-align: center;\">Con\u021binut<\/th>\n<\/tr>\n<tr>\n<td style=\"text-align: center;\">proteine<\/td>\n<td style=\"text-align: center;\">9%<\/td>\n<\/tr>\n<tr>\n<td style=\"text-align: center;\">gr\u0103simi<\/td>\n<td style=\"text-align: center;\">3,5%<\/td>\n<\/tr>\n<tr>\n<td style=\"text-align: center;\">cenu\u0219\u0103<\/td>\n<td style=\"text-align: center;\">2,1%<\/td>\n<\/tr>\n<tr>\n<td style=\"text-align: center;\">fibre<\/td>\n<td style=\"text-align: center;\">0,3%<\/td>\n<\/tr>\n<tr>\n<td style=\"text-align: center;\">umiditate<\/td>\n<td style=\"text-align: center;\">83%<\/td>\n<\/tr>\n<tr>\n<td style=\"text-align: center;\">valoare energetic\u0103<\/td>\n<td style=\"text-align: center;\">74 kcal\/100g<\/td>\n<\/tr>\n<tr>\n<td style=\"text-align: center;\">vitamina D3<\/td>\n<td style=\"text-align: center;\">300 UI<\/td>\n<\/tr>\n<tr>\n<td style=\"text-align: center;\">vitamina E<\/td>\n<td style=\"text-align: center;\">100 mg<\/td>\n<\/tr>\n<\/tbody>\n<\/table>\n<p><strong>Instruc\u021biuni de hr\u0103nire:<\/strong><\/p>\n<ul>\n<li>Respecta\u021bi ra\u021biile zilnice recomandate, dar lua\u021bi \u00eentotdeauna \u00een considerare nevoile individuale ale pisicii. Ratia zilnic\u0103 poate varia (~20%) \u00een func\u021bie de nivelul de activitate, metabolism \u0219i temperatura mediului.<\/li>\n<li>Servi\u021bi hrana numai la temperatura camerei.<\/li>\n<li>La schimbarea alimenta\u021biei, trecerea trebuie f\u0103cut\u0103 treptat, pe o perioad\u0103 de aproximativ 5 zile, \u00eencep\u00e2nd cu o cantitate mic\u0103 amestecat\u0103 cu hrana obi\u0219nuit\u0103 p\u00e2n\u0103 la \u00eenlocuirea complet\u0103.<\/li>\n<li>Asigura\u021bi acces permanent la ap\u0103 proasp\u0103t\u0103 \u0219i curat\u0103.<\/li>\n<li>P\u0103stra\u021bi \u00eentr-un loc uscat \u0219i r\u0103coros. Dup\u0103 deschidere, depozita\u021bi \u00een frigider \u0219i utiliza\u021bi \u00een decurs de 2 zile.<\/li>\n<\/ul>\n<table border=\"1\" cellspacing=\"0\" cellpadding=\"5\">\n<tbody>\n<tr>\n<th>Greutatea pisicii, kg<\/th>\n<th>Ra\u021bia zilnic\u0103, grame\/zi<\/th>\n<\/tr>\n<tr>\n<td>2 &#8211; 4<\/td>\n<td>170 &#8211; 255<\/td>\n<\/tr>\n<tr>\n<td>4 &#8211; 6<\/td>\n<td>255 &#8211; 340<\/td>\n<\/tr>\n<\/tbody>\n<\/table>\n","protected":false},"excerpt":{"rendered":"<p>SAVORY hran\u0103 umed\u0103 pentru pisici Lamb and Beetroot in gravy \u2013 hran\u0103 complet\u0103 \u0219i echilibrat\u0103 sub form\u0103 de buc\u0103\u021bele cu miel \u0219i sfecl\u0103 \u00een sos aromat pentru pisicile adulte.<\/p>\n","protected":false},"featured_media":40349,"comment_status":"open","ping_status":"closed","template":"","meta":{"_acf_changed":false},"product_brand":[],"product_cat":[172,169,1821],"product_tag":[],"class_list":{"0":"post-41091","1":"product","2":"type-product","3":"status-publish","4":"has-post-thumbnail","6":"product_cat-pisici-hrana-umeda","7":"product_cat-pisici","8":"product_cat-savory-ro","9":"pa_brand-savory-ro","10":"pa_ingredients-mutton-ro","11":"pa_pet-age-adult-ro","12":"pa_weight-85g-ro","14":"first","15":"instock","16":"shipping-taxable","17":"purchasable","18":"product-type-simple"},"acf":{"barcode":"","in_stock_sp":false},"_links":{"self":[{"href":"https:\/\/pet-house.md\/ro\/wp-json\/wp\/v2\/product\/41091","targetHints":{"allow":["GET"]}}],"collection":[{"href":"https:\/\/pet-house.md\/ro\/wp-json\/wp\/v2\/product"}],"about":[{"href":"https:\/\/pet-house.md\/ro\/wp-json\/wp\/v2\/types\/product"}],"replies":[{"embeddable":true,"href":"https:\/\/pet-house.md\/ro\/wp-json\/wp\/v2\/comments?post=41091"}],"wp:featuredmedia":[{"embeddable":true,"href":"https:\/\/pet-house.md\/ro\/wp-json\/wp\/v2\/media\/40349"}],"wp:attachment":[{"href":"https:\/\/pet-house.md\/ro\/wp-json\/wp\/v2\/media?parent=41091"}],"wp:term":[{"taxonomy":"product_brand","embeddable":true,"href":"https:\/\/pet-house.md\/ro\/wp-json\/wp\/v2\/product_brand?post=41091"},{"taxonomy":"product_cat","embeddable":true,"href":"https:\/\/pet-house.md\/ro\/wp-json\/wp\/v2\/product_cat?post=41091"},{"taxonomy":"product_tag","embeddable":true,"href":"https:\/\/pet-house.md\/ro\/wp-json\/wp\/v2\/product_tag?post=41091"}],"curies":[{"name":"wp","href":"https:\/\/api.w.org\/{rel}","templated":true}]}}